{"id":6172,"date":"2026-01-21T14:04:05","date_gmt":"2026-01-21T13:04:05","guid":{"rendered":"https:\/\/erdvital.aretis-staging.ch\/?post_type=product&#038;p=6172"},"modified":"2026-03-29T11:05:47","modified_gmt":"2026-03-29T09:05:47","slug":"earth-ceiling-silver-threads-cream","status":"publish","type":"product","link":"https:\/\/www.erdvital.ch\/en\/produkt\/erdungsdecke-silberfaeden-creme\/","title":{"rendered":"Earthing blanket with silver threads 153 x 203 cm - Cream"},"content":{"rendered":"<div data-elementor-type=\"product-post\" data-elementor-id=\"6172\" class=\"elementor elementor-6172\" data-elementor-post-type=\"product\">\n\t\t\t\t<div class=\"elementor-element elementor-element-138f5a3 e-flex e-con-boxed e-con e-parent\" data-id=\"138f5a3\" data-element_type=\"container\" data-e-type=\"container\">\n\t\t\t\t\t<div class=\"e-con-inner\">\n\t\t\t\t<div class=\"elementor-element elementor-element-1ff2fe7 elementor-widget elementor-widget-heading\" data-id=\"1ff2fe7\" data-element_type=\"widget\" data-e-type=\"widget\" data-widget_type=\"heading.default\">\n\t\t\t\t\t<h2 class=\"elementor-heading-title elementor-size-default\">Natural grounding and relaxed sleeping comfort<\/h2>\t\t\t\t<\/div>\n\t\t\t\t<div class=\"elementor-element elementor-element-f2f9db7 elementor-widget elementor-widget-text-editor\" data-id=\"f2f9db7\" data-element_type=\"widget\" data-e-type=\"widget\" data-widget_type=\"text-editor.default\">\n\t\t\t\t\t\t\t\t\t<p data-start=\"173\" data-end=\"267\"><span class=\"BZ_Pyq_fadeIn\">The <\/span><span class=\"BZ_Pyq_fadeIn\">Ceiling <\/span><span class=\"BZ_Pyq_fadeIn\">can <\/span><span class=\"BZ_Pyq_fadeIn\">as <\/span><span class=\"BZ_Pyq_fadeIn\">light <\/span><span class=\"BZ_Pyq_fadeIn\">Cover, <\/span><span class=\"BZ_Pyq_fadeIn\">Sofa cover <\/span><span class=\"BZ_Pyq_fadeIn\">or <\/span><span class=\"BZ_Pyq_fadeIn\">for <\/span><span class=\"BZ_Pyq_fadeIn\">relaxed <\/span><span class=\"BZ_Pyq_fadeIn\">Rest phases <\/span><span class=\"BZ_Pyq_fadeIn\">used <\/span><span class=\"BZ_Pyq_fadeIn\">become.<\/span><\/p><p data-start=\"269\" data-end=\"395\"><span class=\"BZ_Pyq_fadeIn\">You <\/span><span class=\"BZ_Pyq_fadeIn\">is <\/span><span class=\"BZ_Pyq_fadeIn\">versatile, <\/span><span class=\"BZ_Pyq_fadeIn\">pleasant <\/span><span class=\"BZ_Pyq_fadeIn\">on <\/span><span class=\"BZ_Pyq_fadeIn\">the <\/span><span class=\"BZ_Pyq_fadeIn\">Skin <\/span><span class=\"BZ_Pyq_fadeIn\">and <\/span><span class=\"BZ_Pyq_fadeIn\">ideal <\/span><span class=\"BZ_Pyq_fadeIn\">for <\/span><span class=\"BZ_Pyq_fadeIn\">the <\/span><span class=\"BZ_Pyq_fadeIn\">daily <\/span><span class=\"BZ_Pyq_fadeIn\">Use <\/span><span class=\"BZ_Pyq_fadeIn\">to <\/span><span class=\"BZ_Pyq_fadeIn\">Home, <\/span><span class=\"BZ_Pyq_fadeIn\">to the <\/span><span class=\"BZ_Pyq_fadeIn\">Relax, <\/span><span class=\"BZ_Pyq_fadeIn\">Read <\/span><span class=\"BZ_Pyq_fadeIn\">or <\/span><span class=\"BZ_Pyq_fadeIn\">Television.<\/span><\/p>\t\t\t\t\t\t\t\t<\/div>\n\t\t\t\t<div class=\"elementor-element elementor-element-bbf5b43 elementor-widget-divider--view-line elementor-widget elementor-widget-divider\" data-id=\"bbf5b43\" data-element_type=\"widget\" data-e-type=\"widget\" data-widget_type=\"divider.default\">\n\t\t\t\t\t\t\t<div class=\"elementor-divider\">\n\t\t\t<span class=\"elementor-divider-separator\">\n\t\t\t\t\t\t<\/span>\n\t\t<\/div>\n\t\t\t\t\t\t<\/div>\n\t\t\t\t<div class=\"elementor-element elementor-element-214fa4a elementor-widget elementor-widget-heading\" data-id=\"214fa4a\" data-element_type=\"widget\" data-e-type=\"widget\" data-widget_type=\"heading.default\">\n\t\t\t\t\t<h2 class=\"elementor-heading-title elementor-size-default\">Application<\/h2>\t\t\t\t<\/div>\n\t\t\t\t<div class=\"elementor-element elementor-element-8a19921 elementor-widget elementor-widget-text-editor\" data-id=\"8a19921\" data-element_type=\"widget\" data-e-type=\"widget\" data-widget_type=\"text-editor.default\">\n\t\t\t\t\t\t\t\t\t<p><span class=\"BZ_Pyq_fadeIn\">About <\/span><span class=\"BZ_Pyq_fadeIn\">the <\/span><span class=\"BZ_Pyq_fadeIn\">integrated <\/span><span class=\"BZ_Pyq_fadeIn\">Push button <\/span><span class=\"BZ_Pyq_fadeIn\">leaves <\/span><span class=\"BZ_Pyq_fadeIn\">itself <\/span><span class=\"BZ_Pyq_fadeIn\">the <\/span><span class=\"BZ_Pyq_fadeIn\">Ceiling <\/span><span class=\"BZ_Pyq_fadeIn\">with <\/span><span class=\"BZ_Pyq_fadeIn\">one <\/span><span class=\"BZ_Pyq_fadeIn\">Earthing cable <\/span><span class=\"BZ_Pyq_fadeIn\">connect. <\/span><span class=\"BZ_Pyq_fadeIn\">The <\/span><span class=\"BZ_Pyq_fadeIn\">Safety resistor <\/span><span class=\"BZ_Pyq_fadeIn\">(98 <\/span><span class=\"BZ_Pyq_fadeIn\">k\u03a9) <\/span><span class=\"BZ_Pyq_fadeIn\">is <\/span><span class=\"BZ_Pyq_fadeIn\">in the <\/span><span class=\"BZ_Pyq_fadeIn\">Cables <\/span><span class=\"BZ_Pyq_fadeIn\">integrated <\/span><span class=\"BZ_Pyq_fadeIn\">and <\/span><span class=\"BZ_Pyq_fadeIn\">provides <\/span><span class=\"BZ_Pyq_fadeIn\">for <\/span><span class=\"BZ_Pyq_fadeIn\">one <\/span><span class=\"BZ_Pyq_fadeIn\">safe <\/span><span class=\"BZ_Pyq_fadeIn\">Derivation <\/span><span class=\"BZ_Pyq_fadeIn\">the <\/span><span class=\"BZ_Pyq_fadeIn\">electrical <\/span><span class=\"BZ_Pyq_fadeIn\">Body tension.<\/span><\/p>\t\t\t\t\t\t\t\t<\/div>\n\t\t\t\t<div class=\"elementor-element elementor-element-185fa0e elementor-widget-divider--view-line elementor-widget elementor-widget-divider\" data-id=\"185fa0e\" data-element_type=\"widget\" data-e-type=\"widget\" data-widget_type=\"divider.default\">\n\t\t\t\t\t\t\t<div class=\"elementor-divider\">\n\t\t\t<span class=\"elementor-divider-separator\">\n\t\t\t\t\t\t<\/span>\n\t\t<\/div>\n\t\t\t\t\t\t<\/div>\n\t\t<div class=\"elementor-element elementor-element-a827da1 e-con-full e-flex e-con e-child\" data-id=\"a827da1\" data-element_type=\"container\" data-e-type=\"container\">\n\t\t<div class=\"elementor-element elementor-element-7b90270 e-con-full e-flex e-con e-child\" data-id=\"7b90270\" data-element_type=\"container\" data-e-type=\"container\">\n\t\t\t\t<div class=\"elementor-element elementor-element-bec31b2 elementor-widget elementor-widget-image\" data-id=\"bec31b2\" data-element_type=\"widget\" data-e-type=\"widget\" data-widget_type=\"image.default\">\n\t\t\t\t\t\t\t\t\t\t\t\t\t\t\t<img alt=\"\" fetchpriority=\"high\" decoding=\"async\" width=\"2400\" height=\"1600\" src=\"https:\/\/www.erdvital.ch\/wp-content\/uploads\/2026\/01\/erdungsdecke7.webp\" class=\"attachment-full size-full wp-image-6254\" srcset=\"https:\/\/www.erdvital.ch\/wp-content\/uploads\/2026\/01\/erdungsdecke7.webp 2400w, https:\/\/www.erdvital.ch\/wp-content\/uploads\/2026\/01\/erdungsdecke7-800x533.webp 800w, https:\/\/www.erdvital.ch\/wp-content\/uploads\/2026\/01\/erdungsdecke7-1024x683.webp 1024w, https:\/\/www.erdvital.ch\/wp-content\/uploads\/2026\/01\/erdungsdecke7-768x512.webp 768w, https:\/\/www.erdvital.ch\/wp-content\/uploads\/2026\/01\/erdungsdecke7-1536x1024.webp 1536w, https:\/\/www.erdvital.ch\/wp-content\/uploads\/2026\/01\/erdungsdecke7-2048x1365.webp 2048w, https:\/\/www.erdvital.ch\/wp-content\/uploads\/2026\/01\/erdungsdecke7-600x400.webp 600w\" sizes=\"(max-width: 2400px) 100vw, 2400px\" \/>\t\t\t\t\t\t\t\t\t\t\t\t\t\t\t<\/div>\n\t\t\t\t<\/div>\n\t\t<div class=\"elementor-element elementor-element-c12657d e-con-full e-flex e-con e-child\" data-id=\"c12657d\" data-element_type=\"container\" data-e-type=\"container\">\n\t\t\t\t<div class=\"elementor-element elementor-element-6eb45a6 elementor-widget elementor-widget-image\" data-id=\"6eb45a6\" data-element_type=\"widget\" data-e-type=\"widget\" data-widget_type=\"image.default\">\n\t\t\t\t\t\t\t\t\t\t\t\t\t\t\t<img alt=\"\" decoding=\"async\" width=\"2400\" height=\"1600\" src=\"https:\/\/www.erdvital.ch\/wp-content\/uploads\/2026\/01\/erdungsdecke3.webp\" class=\"attachment-full size-full wp-image-6179\" srcset=\"https:\/\/www.erdvital.ch\/wp-content\/uploads\/2026\/01\/erdungsdecke3.webp 2400w, https:\/\/www.erdvital.ch\/wp-content\/uploads\/2026\/01\/erdungsdecke3-800x533.webp 800w, https:\/\/www.erdvital.ch\/wp-content\/uploads\/2026\/01\/erdungsdecke3-1024x683.webp 1024w, https:\/\/www.erdvital.ch\/wp-content\/uploads\/2026\/01\/erdungsdecke3-768x512.webp 768w, https:\/\/www.erdvital.ch\/wp-content\/uploads\/2026\/01\/erdungsdecke3-1536x1024.webp 1536w, https:\/\/www.erdvital.ch\/wp-content\/uploads\/2026\/01\/erdungsdecke3-2048x1365.webp 2048w, https:\/\/www.erdvital.ch\/wp-content\/uploads\/2026\/01\/erdungsdecke3-600x400.webp 600w\" sizes=\"(max-width: 2400px) 100vw, 2400px\" \/>\t\t\t\t\t\t\t\t\t\t\t\t\t\t\t<\/div>\n\t\t\t\t<\/div>\n\t\t\t\t<\/div>\n\t\t\t\t<div class=\"elementor-element elementor-element-9a654cc elementor-widget elementor-widget-text-editor\" data-id=\"9a654cc\" data-element_type=\"widget\" data-e-type=\"widget\" data-widget_type=\"text-editor.default\">\n\t\t\t\t\t\t\t\t\t<p><em>The earthing blanket is connected to the earthing cable using a push button. Electrical voltage is thus discharged from your body.<\/em><\/p>\t\t\t\t\t\t\t\t<\/div>\n\t\t\t\t<div class=\"elementor-element elementor-element-8341b17 elementor-widget-divider--view-line elementor-widget elementor-widget-divider\" data-id=\"8341b17\" data-element_type=\"widget\" data-e-type=\"widget\" data-widget_type=\"divider.default\">\n\t\t\t\t\t\t\t<div class=\"elementor-divider\">\n\t\t\t<span class=\"elementor-divider-separator\">\n\t\t\t\t\t\t<\/span>\n\t\t<\/div>\n\t\t\t\t\t\t<\/div>\n\t\t\t\t<div class=\"elementor-element elementor-element-5220975 elementor-widget elementor-widget-heading\" data-id=\"5220975\" data-element_type=\"widget\" data-e-type=\"widget\" data-widget_type=\"heading.default\">\n\t\t\t\t\t<h2 class=\"elementor-heading-title elementor-size-default\">Technical data<\/h2>\t\t\t\t<\/div>\n\t\t\t\t<div class=\"elementor-element elementor-element-77ae524 elementor-icon-list--layout-traditional elementor-list-item-link-full_width elementor-widget elementor-widget-icon-list\" data-id=\"77ae524\" data-element_type=\"widget\" data-e-type=\"widget\" data-widget_type=\"icon-list.default\">\n\t\t\t\t\t\t\t<ul class=\"elementor-icon-list-items\">\n\t\t\t\t\t\t\t<li class=\"elementor-icon-list-item\">\n\t\t\t\t\t\t\t\t\t\t\t<span class=\"elementor-icon-list-icon\">\n\t\t\t\t\t\t\t<svg aria-hidden=\"true\" class=\"e-font-icon-svg e-fas-chevron-right\" viewbox=\"0 0 320 512\" xmlns=\"http:\/\/www.w3.org\/2000\/svg\"><path d=\"M285.476 272.971L91.132 467.314c-9.373 9.373-24.569 9.373-33.941 0l-22.667-22.667c-9.357-9.357-9.375-24.522-.04-33.901L188.505 256 34.484 101.255c-9.335-9.379-9.317-24.544.04-33.901l22.667-22.667c9.373-9.373 24.569-9.373 33.941 0L285.475 239.03c9.373 9.372 9.373 24.568.001 33.941z\"><\/path><\/svg>\t\t\t\t\t\t<\/span>\n\t\t\t\t\t\t\t\t\t\t<span class=\"elementor-icon-list-text\">Colour: Cream <\/span>\n\t\t\t\t\t\t\t\t\t<\/li>\n\t\t\t\t\t\t\t\t<li class=\"elementor-icon-list-item\">\n\t\t\t\t\t\t\t\t\t\t\t<span class=\"elementor-icon-list-icon\">\n\t\t\t\t\t\t\t<svg aria-hidden=\"true\" class=\"e-font-icon-svg e-fas-chevron-right\" viewbox=\"0 0 320 512\" xmlns=\"http:\/\/www.w3.org\/2000\/svg\"><path d=\"M285.476 272.971L91.132 467.314c-9.373 9.373-24.569 9.373-33.941 0l-22.667-22.667c-9.357-9.357-9.375-24.522-.04-33.901L188.505 256 34.484 101.255c-9.335-9.379-9.317-24.544.04-33.901l22.667-22.667c9.373-9.373 24.569-9.373 33.941 0L285.475 239.03c9.373 9.372 9.373 24.568.001 33.941z\"><\/path><\/svg>\t\t\t\t\t\t<\/span>\n\t\t\t\t\t\t\t\t\t\t<span class=\"elementor-icon-list-text\">Size: 153 \u00d7 203 cm<\/span>\n\t\t\t\t\t\t\t\t\t<\/li>\n\t\t\t\t\t\t\t\t<li class=\"elementor-icon-list-item\">\n\t\t\t\t\t\t\t\t\t\t\t<span class=\"elementor-icon-list-icon\">\n\t\t\t\t\t\t\t<svg aria-hidden=\"true\" class=\"e-font-icon-svg e-fas-chevron-right\" viewbox=\"0 0 320 512\" xmlns=\"http:\/\/www.w3.org\/2000\/svg\"><path d=\"M285.476 272.971L91.132 467.314c-9.373 9.373-24.569 9.373-33.941 0l-22.667-22.667c-9.357-9.357-9.375-24.522-.04-33.901L188.505 256 34.484 101.255c-9.335-9.379-9.317-24.544.04-33.901l22.667-22.667c9.373-9.373 24.569-9.373 33.941 0L285.475 239.03c9.373 9.372 9.373 24.568.001 33.941z\"><\/path><\/svg>\t\t\t\t\t\t<\/span>\n\t\t\t\t\t\t\t\t\t\t<span class=\"elementor-icon-list-text\">Connection: Push button for earthing cable<\/span>\n\t\t\t\t\t\t\t\t\t<\/li>\n\t\t\t\t\t\t\t\t<li class=\"elementor-icon-list-item\">\n\t\t\t\t\t\t\t\t\t\t\t<span class=\"elementor-icon-list-icon\">\n\t\t\t\t\t\t\t<svg aria-hidden=\"true\" class=\"e-font-icon-svg e-fas-chevron-right\" viewbox=\"0 0 320 512\" xmlns=\"http:\/\/www.w3.org\/2000\/svg\"><path d=\"M285.476 272.971L91.132 467.314c-9.373 9.373-24.569 9.373-33.941 0l-22.667-22.667c-9.357-9.357-9.375-24.522-.04-33.901L188.505 256 34.484 101.255c-9.335-9.379-9.317-24.544.04-33.901l22.667-22.667c9.373-9.373 24.569-9.373 33.941 0L285.475 239.03c9.373 9.372 9.373 24.568.001 33.941z\"><\/path><\/svg>\t\t\t\t\t\t<\/span>\n\t\t\t\t\t\t\t\t\t\t<span class=\"elementor-icon-list-text\">Upper side: Conductive fabric with woven-in silver fibres<\/span>\n\t\t\t\t\t\t\t\t\t<\/li>\n\t\t\t\t\t\t\t\t<li class=\"elementor-icon-list-item\">\n\t\t\t\t\t\t\t\t\t\t\t<span class=\"elementor-icon-list-icon\">\n\t\t\t\t\t\t\t<svg aria-hidden=\"true\" class=\"e-font-icon-svg e-fas-chevron-right\" viewbox=\"0 0 320 512\" xmlns=\"http:\/\/www.w3.org\/2000\/svg\"><path d=\"M285.476 272.971L91.132 467.314c-9.373 9.373-24.569 9.373-33.941 0l-22.667-22.667c-9.357-9.357-9.375-24.522-.04-33.901L188.505 256 34.484 101.255c-9.335-9.379-9.317-24.544.04-33.901l22.667-22.667c9.373-9.373 24.569-9.373 33.941 0L285.475 239.03c9.373 9.372 9.373 24.568.001 33.941z\"><\/path><\/svg>\t\t\t\t\t\t<\/span>\n\t\t\t\t\t\t\t\t\t\t<span class=\"elementor-icon-list-text\">Underside: Cosy fleece fabric<\/span>\n\t\t\t\t\t\t\t\t\t<\/li>\n\t\t\t\t\t\t<\/ul>\n\t\t\t\t\t\t<\/div>\n\t\t\t\t<div class=\"elementor-element elementor-element-ce97c5f elementor-widget-divider--view-line elementor-widget elementor-widget-divider\" data-id=\"ce97c5f\" data-element_type=\"widget\" data-e-type=\"widget\" data-widget_type=\"divider.default\">\n\t\t\t\t\t\t\t<div class=\"elementor-divider\">\n\t\t\t<span class=\"elementor-divider-separator\">\n\t\t\t\t\t\t<\/span>\n\t\t<\/div>\n\t\t\t\t\t\t<\/div>\n\t\t\t\t<div class=\"elementor-element elementor-element-8adff15 elementor-widget elementor-widget-heading\" data-id=\"8adff15\" data-element_type=\"widget\" data-e-type=\"widget\" data-widget_type=\"heading.default\">\n\t\t\t\t\t<h2 class=\"elementor-heading-title elementor-size-default\">Care<\/h2>\t\t\t\t<\/div>\n\t\t\t\t<div class=\"elementor-element elementor-element-c5f6802 elementor-widget elementor-widget-text-editor\" data-id=\"c5f6802\" data-element_type=\"widget\" data-e-type=\"widget\" data-widget_type=\"text-editor.default\">\n\t\t\t\t\t\t\t\t\t<ul><li><span class=\"BZ_Pyq_fadeIn\">Gentle wash <\/span><span class=\"BZ_Pyq_fadeIn\">with <\/span><span class=\"BZ_Pyq_fadeIn\">30 <\/span><span class=\"BZ_Pyq_fadeIn\">\u00b0C, <\/span><span class=\"BZ_Pyq_fadeIn\">not <\/span><span class=\"BZ_Pyq_fadeIn\">suitable for tumble drying.<\/span><\/li><li><span class=\"BZ_Pyq_fadeIn\">For care, we recommend a mild, sensitive <a href=\"https:\/\/www.erdvital.ch\/en\/product\/sensitive-detergent-grounding-products\/\">Detergent<\/a> without bleach or fabric softener.<\/span><\/li><\/ul>\t\t\t\t\t\t\t\t<\/div>\n\t\t\t\t<div class=\"elementor-element elementor-element-57a2734 elementor-widget-divider--view-line elementor-widget elementor-widget-divider\" data-id=\"57a2734\" data-element_type=\"widget\" data-e-type=\"widget\" data-widget_type=\"divider.default\">\n\t\t\t\t\t\t\t<div class=\"elementor-divider\">\n\t\t\t<span class=\"elementor-divider-separator\">\n\t\t\t\t\t\t<\/span>\n\t\t<\/div>\n\t\t\t\t\t\t<\/div>\n\t\t\t\t<div class=\"elementor-element elementor-element-42bccb7 elementor-widget elementor-widget-image\" data-id=\"42bccb7\" data-element_type=\"widget\" data-e-type=\"widget\" data-widget_type=\"image.default\">\n\t\t\t\t\t\t\t\t\t\t\t\t\t\t\t<img alt=\"\" decoding=\"async\" width=\"1500\" height=\"1000\" src=\"https:\/\/www.erdvital.ch\/wp-content\/uploads\/2026\/01\/erdungsdecke6.webp\" class=\"attachment-full size-full wp-image-6181\" srcset=\"https:\/\/www.erdvital.ch\/wp-content\/uploads\/2026\/01\/erdungsdecke6.webp 1500w, https:\/\/www.erdvital.ch\/wp-content\/uploads\/2026\/01\/erdungsdecke6-800x533.webp 800w, https:\/\/www.erdvital.ch\/wp-content\/uploads\/2026\/01\/erdungsdecke6-1024x683.webp 1024w, https:\/\/www.erdvital.ch\/wp-content\/uploads\/2026\/01\/erdungsdecke6-768x512.webp 768w, https:\/\/www.erdvital.ch\/wp-content\/uploads\/2026\/01\/erdungsdecke6-600x400.webp 600w\" sizes=\"(max-width: 1500px) 100vw, 1500px\" \/>\t\t\t\t\t\t\t\t\t\t\t\t\t\t\t<\/div>\n\t\t\t\t<div class=\"elementor-element elementor-element-5929694 elementor-widget elementor-widget-text-editor\" data-id=\"5929694\" data-element_type=\"widget\" data-e-type=\"widget\" data-widget_type=\"text-editor.default\">\n\t\t\t\t\t\t\t\t\t<p><em>Spending time together, cosy on the sofa - and free from electrical tension, which can put a strain on the body.<\/em><\/p>\t\t\t\t\t\t\t\t<\/div>\n\t\t\t\t<div class=\"elementor-element elementor-element-87c20cf elementor-widget elementor-widget-heading\" data-id=\"87c20cf\" data-element_type=\"widget\" data-e-type=\"widget\" data-widget_type=\"heading.default\">\n\t\t\t\t\t<h2 class=\"elementor-heading-title elementor-size-default\">Advantages<\/h2>\t\t\t\t<\/div>\n\t\t\t\t<div class=\"elementor-element elementor-element-0578ccc elementor-icon-list--layout-traditional elementor-list-item-link-full_width elementor-widget elementor-widget-icon-list\" data-id=\"0578ccc\" data-element_type=\"widget\" data-e-type=\"widget\" data-widget_type=\"icon-list.default\">\n\t\t\t\t\t\t\t<ul class=\"elementor-icon-list-items\">\n\t\t\t\t\t\t\t<li class=\"elementor-icon-list-item\">\n\t\t\t\t\t\t\t\t\t\t\t<span class=\"elementor-icon-list-icon\">\n\t\t\t\t\t\t\t<svg aria-hidden=\"true\" class=\"e-font-icon-svg e-fas-check\" viewbox=\"0 0 512 512\" xmlns=\"http:\/\/www.w3.org\/2000\/svg\"><path d=\"M173.898 439.404l-166.4-166.4c-9.997-9.997-9.997-26.206 0-36.204l36.203-36.204c9.997-9.998 26.207-9.998 36.204 0L192 312.69 432.095 72.596c9.997-9.997 26.207-9.997 36.204 0l36.203 36.204c9.997 9.997 9.997 26.206 0 36.204l-294.4 294.401c-9.998 9.997-26.207 9.997-36.204-.001z\"><\/path><\/svg>\t\t\t\t\t\t<\/span>\n\t\t\t\t\t\t\t\t\t\t<span class=\"elementor-icon-list-text\">Gentle dissipation of electrical body tension<\/span>\n\t\t\t\t\t\t\t\t\t<\/li>\n\t\t\t\t\t\t\t\t<li class=\"elementor-icon-list-item\">\n\t\t\t\t\t\t\t\t\t\t\t<span class=\"elementor-icon-list-icon\">\n\t\t\t\t\t\t\t<svg aria-hidden=\"true\" class=\"e-font-icon-svg e-fas-check\" viewbox=\"0 0 512 512\" xmlns=\"http:\/\/www.w3.org\/2000\/svg\"><path d=\"M173.898 439.404l-166.4-166.4c-9.997-9.997-9.997-26.206 0-36.204l36.203-36.204c9.997-9.998 26.207-9.998 36.204 0L192 312.69 432.095 72.596c9.997-9.997 26.207-9.997 36.204 0l36.203 36.204c9.997 9.997 9.997 26.206 0 36.204l-294.4 294.401c-9.998 9.997-26.207 9.997-36.204-.001z\"><\/path><\/svg>\t\t\t\t\t\t<\/span>\n\t\t\t\t\t\t\t\t\t\t<span class=\"elementor-icon-list-text\">Skin-friendly, breathable and pleasantly soft<\/span>\n\t\t\t\t\t\t\t\t\t<\/li>\n\t\t\t\t\t\t\t\t<li class=\"elementor-icon-list-item\">\n\t\t\t\t\t\t\t\t\t\t\t<span class=\"elementor-icon-list-icon\">\n\t\t\t\t\t\t\t<svg aria-hidden=\"true\" class=\"e-font-icon-svg e-fas-check\" viewbox=\"0 0 512 512\" xmlns=\"http:\/\/www.w3.org\/2000\/svg\"><path d=\"M173.898 439.404l-166.4-166.4c-9.997-9.997-9.997-26.206 0-36.204l36.203-36.204c9.997-9.998 26.207-9.998 36.204 0L192 312.69 432.095 72.596c9.997-9.997 26.207-9.997 36.204 0l36.203 36.204c9.997 9.997 9.997 26.206 0 36.204l-294.4 294.401c-9.998 9.997-26.207 9.997-36.204-.001z\"><\/path><\/svg>\t\t\t\t\t\t<\/span>\n\t\t\t\t\t\t\t\t\t\t<span class=\"elementor-icon-list-text\">Versatile use - in bed, on the sofa or when travelling<\/span>\n\t\t\t\t\t\t\t\t\t<\/li>\n\t\t\t\t\t\t\t\t<li class=\"elementor-icon-list-item\">\n\t\t\t\t\t\t\t\t\t\t\t<span class=\"elementor-icon-list-icon\">\n\t\t\t\t\t\t\t<svg aria-hidden=\"true\" class=\"e-font-icon-svg e-fas-check\" viewbox=\"0 0 512 512\" xmlns=\"http:\/\/www.w3.org\/2000\/svg\"><path d=\"M173.898 439.404l-166.4-166.4c-9.997-9.997-9.997-26.206 0-36.204l36.203-36.204c9.997-9.998 26.207-9.998 36.204 0L192 312.69 432.095 72.596c9.997-9.997 26.207-9.997 36.204 0l36.203 36.204c9.997 9.997 9.997 26.206 0 36.204l-294.4 294.401c-9.998 9.997-26.207 9.997-36.204-.001z\"><\/path><\/svg>\t\t\t\t\t\t<\/span>\n\t\t\t\t\t\t\t\t\t\t<span class=\"elementor-icon-list-text\">Can be safely connected to the socket via push-button with earthing cable<\/span>\n\t\t\t\t\t\t\t\t\t<\/li>\n\t\t\t\t\t\t\t\t<li class=\"elementor-icon-list-item\">\n\t\t\t\t\t\t\t\t\t\t\t<span class=\"elementor-icon-list-icon\">\n\t\t\t\t\t\t\t<svg aria-hidden=\"true\" class=\"e-font-icon-svg e-fas-check\" viewbox=\"0 0 512 512\" xmlns=\"http:\/\/www.w3.org\/2000\/svg\"><path d=\"M173.898 439.404l-166.4-166.4c-9.997-9.997-9.997-26.206 0-36.204l36.203-36.204c9.997-9.998 26.207-9.998 36.204 0L192 312.69 432.095 72.596c9.997-9.997 26.207-9.997 36.204 0l36.203 36.204c9.997 9.997 9.997 26.206 0 36.204l-294.4 294.401c-9.998 9.997-26.207 9.997-36.204-.001z\"><\/path><\/svg>\t\t\t\t\t\t<\/span>\n\t\t\t\t\t\t\t\t\t\t<span class=\"elementor-icon-list-text\">Safety resistor is located in the cable<\/span>\n\t\t\t\t\t\t\t\t\t<\/li>\n\t\t\t\t\t\t<\/ul>\n\t\t\t\t\t\t<\/div>\n\t\t\t\t\t<\/div>\n\t\t\t\t<\/div>\n\t\t\t\t<\/div>","protected":false},"excerpt":{"rendered":"<p><span class=\"BZ_Pyq_fadeIn\">These <\/span><span class=\"BZ_Pyq_fadeIn\">pleasant <\/span><span class=\"BZ_Pyq_fadeIn\">soft <\/span><span class=\"BZ_Pyq_fadeIn\">Earthing ceiling <\/span><span class=\"BZ_Pyq_fadeIn\">is <\/span><span class=\"BZ_Pyq_fadeIn\">with <\/span><span class=\"BZ_Pyq_fadeIn\">one <\/span><span class=\"BZ_Pyq_fadeIn\">Earthing cable <\/span><span class=\"BZ_Pyq_fadeIn\">equipped. <\/span><span class=\"BZ_Pyq_fadeIn\">As soon as <\/span><span class=\"BZ_Pyq_fadeIn\">You <\/span><span class=\"BZ_Pyq_fadeIn\">on <\/span><span class=\"BZ_Pyq_fadeIn\">the <\/span><span class=\"BZ_Pyq_fadeIn\">Ceiling <\/span><span class=\"BZ_Pyq_fadeIn\">sit <\/span><span class=\"BZ_Pyq_fadeIn\">or <\/span><span class=\"BZ_Pyq_fadeIn\">lie, <\/span><span class=\"BZ_Pyq_fadeIn\">can <\/span><span class=\"BZ_Pyq_fadeIn\">electrical <\/span><span class=\"BZ_Pyq_fadeIn\">Body tension <\/span><span class=\"BZ_Pyq_fadeIn\">about <\/span><span class=\"BZ_Pyq_fadeIn\">the <\/span><span class=\"BZ_Pyq_fadeIn\">Earthing point <\/span><span class=\"BZ_Pyq_fadeIn\">derived <\/span><span class=\"BZ_Pyq_fadeIn\">become. <\/span><span class=\"BZ_Pyq_fadeIn\">Fine <\/span><span class=\"BZ_Pyq_fadeIn\">woven in <\/span><span class=\"BZ_Pyq_fadeIn\">Silver threads <\/span><span class=\"BZ_Pyq_fadeIn\">place <\/span><span class=\"BZ_Pyq_fadeIn\">the <\/span><span class=\"BZ_Pyq_fadeIn\">conductive <\/span><span class=\"BZ_Pyq_fadeIn\">Contact us <\/span><span class=\"BZ_Pyq_fadeIn\">to the <\/span><span class=\"BZ_Pyq_fadeIn\">Earth <\/span><span class=\"BZ_Pyq_fadeIn\">here <\/span><span class=\"BZ_Pyq_fadeIn\">and <\/span><span class=\"BZ_Pyq_fadeIn\">enable <\/span><span class=\"BZ_Pyq_fadeIn\">one <\/span><span class=\"BZ_Pyq_fadeIn\">gentle <\/span><span class=\"BZ_Pyq_fadeIn\">Derivation <\/span><span class=\"BZ_Pyq_fadeIn\">electric <\/span><span class=\"BZ_Pyq_fadeIn\">Tension.<\/span><\/p>","protected":false},"featured_media":6176,"comment_status":"closed","ping_status":"closed","template":"","meta":{"_seopress_robots_primary_cat":"none","_seopress_titles_title":"Erdungsdecke mit Silberf\u00e4den 153 \u00d7 203 cm \u2013 Creme","_seopress_titles_desc":"Erdungsdecke mit Silberf\u00e4den 153 \u00d7 203 cm in Creme. Weiche Decke f\u00fcr Bett oder Sofa zur Ableitung elektrischer K\u00f6rperspannung.","_seopress_robots_index":""},"product_brand":[],"product_cat":[63],"product_tag":[],"class_list":{"0":"post-6172","1":"product","2":"type-product","3":"status-publish","4":"has-post-thumbnail","6":"product_cat-erdungsprodukte-schweiz","8":"first","9":"instock","10":"shipping-taxable","11":"purchasable","12":"product-type-simple"},"_links":{"self":[{"href":"https:\/\/www.erdvital.ch\/en\/wp-json\/wp\/v2\/product\/6172","targetHints":{"allow":["GET"]}}],"collection":[{"href":"https:\/\/www.erdvital.ch\/en\/wp-json\/wp\/v2\/product"}],"about":[{"href":"https:\/\/www.erdvital.ch\/en\/wp-json\/wp\/v2\/types\/product"}],"replies":[{"embeddable":true,"href":"https:\/\/www.erdvital.ch\/en\/wp-json\/wp\/v2\/comments?post=6172"}],"version-history":[{"count":10,"href":"https:\/\/www.erdvital.ch\/en\/wp-json\/wp\/v2\/product\/6172\/revisions"}],"predecessor-version":[{"id":7622,"href":"https:\/\/www.erdvital.ch\/en\/wp-json\/wp\/v2\/product\/6172\/revisions\/7622"}],"wp:featuredmedia":[{"embeddable":true,"href":"https:\/\/www.erdvital.ch\/en\/wp-json\/wp\/v2\/media\/6176"}],"wp:attachment":[{"href":"https:\/\/www.erdvital.ch\/en\/wp-json\/wp\/v2\/media?parent=6172"}],"wp:term":[{"taxonomy":"product_brand","embeddable":true,"href":"https:\/\/www.erdvital.ch\/en\/wp-json\/wp\/v2\/product_brand?post=6172"},{"taxonomy":"product_cat","embeddable":true,"href":"https:\/\/www.erdvital.ch\/en\/wp-json\/wp\/v2\/product_cat?post=6172"},{"taxonomy":"product_tag","embeddable":true,"href":"https:\/\/www.erdvital.ch\/en\/wp-json\/wp\/v2\/product_tag?post=6172"}],"curies":[{"name":"wp","href":"https:\/\/api.w.org\/{rel}","templated":true}]}}