{"id":6322,"date":"2026-01-22T17:00:59","date_gmt":"2026-01-22T16:00:59","guid":{"rendered":"https:\/\/erdvital.aretis-staging.ch\/?post_type=product&#038;p=6322"},"modified":"2026-04-09T15:50:36","modified_gmt":"2026-04-09T13:50:36","slug":"seat-cushion-premium-silver-natural-grounding-comfort-for-everyday-life-and-travelling","status":"publish","type":"product","link":"https:\/\/www.erdvital.ch\/en\/produkt\/sitzauflage-premium-silber-natuerlicher-erdungskomfort-fuer-alltag-und-reisen\/","title":{"rendered":"Silver grounding seat pad for chair and armchair - dissipation of body tension"},"content":{"rendered":"<div data-elementor-type=\"product-post\" data-elementor-id=\"6322\" class=\"elementor elementor-6322\" data-elementor-post-type=\"product\">\n\t\t\t\t<div class=\"elementor-element elementor-element-ade9cf2 e-flex e-con-boxed e-con e-parent\" data-id=\"ade9cf2\" data-element_type=\"container\" data-e-type=\"container\">\n\t\t\t\t\t<div class=\"e-con-inner\">\n\t\t\t\t<div class=\"elementor-element elementor-element-3694617 elementor-widget elementor-widget-heading\" data-id=\"3694617\" data-element_type=\"widget\" data-e-type=\"widget\" data-widget_type=\"heading.default\">\n\t\t\t\t\t<h2 class=\"elementor-heading-title elementor-size-default\">Description of the<\/h2>\t\t\t\t<\/div>\n\t\t\t\t<div class=\"elementor-element elementor-element-6452d60 elementor-widget elementor-widget-text-editor\" data-id=\"6452d60\" data-element_type=\"widget\" data-e-type=\"widget\" data-widget_type=\"text-editor.default\">\n\t\t\t\t\t\t\t\t\t<ul><li>Thanks to the high silver content, the pad conducts reliably even when you are sitting on it with clothing or trousers on. The connection remains constant and ensures even earthing.<\/li><li>Ideal for the workplace, home office, armchair or couch.<\/li><li>Finely woven silver threads ensure excellent conductivity and a pleasant grounding feeling.<\/li><li>The soft, non-slip back offers a secure hold. Also practical when travelling - the mat is easy to fold up and take with you.<\/li><\/ul>\t\t\t\t\t\t\t\t<\/div>\n\t\t\t\t<div class=\"elementor-element elementor-element-6ed5611 elementor-widget-divider--view-line elementor-widget elementor-widget-divider\" data-id=\"6ed5611\" data-element_type=\"widget\" data-e-type=\"widget\" data-widget_type=\"divider.default\">\n\t\t\t\t\t\t\t<div class=\"elementor-divider\">\n\t\t\t<span class=\"elementor-divider-separator\">\n\t\t\t\t\t\t<\/span>\n\t\t<\/div>\n\t\t\t\t\t\t<\/div>\n\t\t\t\t<div class=\"elementor-element elementor-element-01e379d elementor-widget elementor-widget-heading\" data-id=\"01e379d\" data-element_type=\"widget\" data-e-type=\"widget\" data-widget_type=\"heading.default\">\n\t\t\t\t\t<h2 class=\"elementor-heading-title elementor-size-default\">Material, care &amp; size<\/h2>\t\t\t\t<\/div>\n\t\t\t\t<div class=\"elementor-element elementor-element-5f820c7 elementor-widget elementor-widget-text-editor\" data-id=\"5f820c7\" data-element_type=\"widget\" data-e-type=\"widget\" data-widget_type=\"text-editor.default\">\n\t\t\t\t\t\t\t\t\t<ul><li>Front: high-quality silver fabric<\/li><li>Back: non-slip polyester with silver-plated nylon blend (50 % silver threads, 50 % polyester)<\/li><li>Gentle washing with the <a href=\"https:\/\/www.erdvital.ch\/en\/product\/waschmittel-silvercare\/\">Silvercare detergent<\/a>, available in the ErdVital shop.<\/li><li>Size: 70 \u00d7 48 cm<\/li><\/ul>\t\t\t\t\t\t\t\t<\/div>\n\t\t\t\t<div class=\"elementor-element elementor-element-2ef4151 elementor-widget-divider--view-line elementor-widget elementor-widget-divider\" data-id=\"2ef4151\" data-element_type=\"widget\" data-e-type=\"widget\" data-widget_type=\"divider.default\">\n\t\t\t\t\t\t\t<div class=\"elementor-divider\">\n\t\t\t<span class=\"elementor-divider-separator\">\n\t\t\t\t\t\t<\/span>\n\t\t<\/div>\n\t\t\t\t\t\t<\/div>\n\t\t\t\t<div class=\"elementor-element elementor-element-6b66702 elementor-widget elementor-widget-heading\" data-id=\"6b66702\" data-element_type=\"widget\" data-e-type=\"widget\" data-widget_type=\"heading.default\">\n\t\t\t\t\t<h2 class=\"elementor-heading-title elementor-size-default\">Advantages at a glance<\/h2>\t\t\t\t<\/div>\n\t\t\t\t<div class=\"elementor-element elementor-element-4d7dcd2 elementor-icon-list--layout-traditional elementor-list-item-link-full_width elementor-widget elementor-widget-icon-list\" data-id=\"4d7dcd2\" data-element_type=\"widget\" data-e-type=\"widget\" data-widget_type=\"icon-list.default\">\n\t\t\t\t\t\t\t<ul class=\"elementor-icon-list-items\">\n\t\t\t\t\t\t\t<li class=\"elementor-icon-list-item\">\n\t\t\t\t\t\t\t\t\t\t\t<span class=\"elementor-icon-list-icon\">\n\t\t\t\t\t\t\t<svg aria-hidden=\"true\" class=\"e-font-icon-svg e-fas-check\" viewbox=\"0 0 512 512\" xmlns=\"http:\/\/www.w3.org\/2000\/svg\"><path d=\"M173.898 439.404l-166.4-166.4c-9.997-9.997-9.997-26.206 0-36.204l36.203-36.204c9.997-9.998 26.207-9.998 36.204 0L192 312.69 432.095 72.596c9.997-9.997 26.207-9.997 36.204 0l36.203 36.204c9.997 9.997 9.997 26.206 0 36.204l-294.4 294.401c-9.998 9.997-26.207 9.997-36.204-.001z\"><\/path><\/svg>\t\t\t\t\t\t<\/span>\n\t\t\t\t\t\t\t\t\t\t<span class=\"elementor-icon-list-text\">Ideal as a chair cushion, armchair cushion or bed pad<\/span>\n\t\t\t\t\t\t\t\t\t<\/li>\n\t\t\t\t\t\t\t\t<li class=\"elementor-icon-list-item\">\n\t\t\t\t\t\t\t\t\t\t\t<span class=\"elementor-icon-list-icon\">\n\t\t\t\t\t\t\t<svg aria-hidden=\"true\" class=\"e-font-icon-svg e-fas-check\" viewbox=\"0 0 512 512\" xmlns=\"http:\/\/www.w3.org\/2000\/svg\"><path d=\"M173.898 439.404l-166.4-166.4c-9.997-9.997-9.997-26.206 0-36.204l36.203-36.204c9.997-9.998 26.207-9.998 36.204 0L192 312.69 432.095 72.596c9.997-9.997 26.207-9.997 36.204 0l36.203 36.204c9.997 9.997 9.997 26.206 0 36.204l-294.4 294.401c-9.998 9.997-26.207 9.997-36.204-.001z\"><\/path><\/svg>\t\t\t\t\t\t<\/span>\n\t\t\t\t\t\t\t\t\t\t<span class=\"elementor-icon-list-text\">Non-slip and pleasantly soft<\/span>\n\t\t\t\t\t\t\t\t\t<\/li>\n\t\t\t\t\t\t\t\t<li class=\"elementor-icon-list-item\">\n\t\t\t\t\t\t\t\t\t\t\t<span class=\"elementor-icon-list-icon\">\n\t\t\t\t\t\t\t<svg aria-hidden=\"true\" class=\"e-font-icon-svg e-fas-check\" viewbox=\"0 0 512 512\" xmlns=\"http:\/\/www.w3.org\/2000\/svg\"><path d=\"M173.898 439.404l-166.4-166.4c-9.997-9.997-9.997-26.206 0-36.204l36.203-36.204c9.997-9.998 26.207-9.998 36.204 0L192 312.69 432.095 72.596c9.997-9.997 26.207-9.997 36.204 0l36.203 36.204c9.997 9.997 9.997 26.206 0 36.204l-294.4 294.401c-9.998 9.997-26.207 9.997-36.204-.001z\"><\/path><\/svg>\t\t\t\t\t\t<\/span>\n\t\t\t\t\t\t\t\t\t\t<span class=\"elementor-icon-list-text\">High silver content for optimum conductivity, even through clothing<\/span>\n\t\t\t\t\t\t\t\t\t<\/li>\n\t\t\t\t\t\t\t\t<li class=\"elementor-icon-list-item\">\n\t\t\t\t\t\t\t\t\t\t\t<span class=\"elementor-icon-list-icon\">\n\t\t\t\t\t\t\t<svg aria-hidden=\"true\" class=\"e-font-icon-svg e-fas-check\" viewbox=\"0 0 512 512\" xmlns=\"http:\/\/www.w3.org\/2000\/svg\"><path d=\"M173.898 439.404l-166.4-166.4c-9.997-9.997-9.997-26.206 0-36.204l36.203-36.204c9.997-9.998 26.207-9.998 36.204 0L192 312.69 432.095 72.596c9.997-9.997 26.207-9.997 36.204 0l36.203 36.204c9.997 9.997 9.997 26.206 0 36.204l-294.4 294.401c-9.998 9.997-26.207 9.997-36.204-.001z\"><\/path><\/svg>\t\t\t\t\t\t<\/span>\n\t\t\t\t\t\t\t\t\t\t<span class=\"elementor-icon-list-text\">High-quality materials and impressive comfort<\/span>\n\t\t\t\t\t\t\t\t\t<\/li>\n\t\t\t\t\t\t\t\t<li class=\"elementor-icon-list-item\">\n\t\t\t\t\t\t\t\t\t\t\t<span class=\"elementor-icon-list-icon\">\n\t\t\t\t\t\t\t<svg aria-hidden=\"true\" class=\"e-font-icon-svg e-fas-check\" viewbox=\"0 0 512 512\" xmlns=\"http:\/\/www.w3.org\/2000\/svg\"><path d=\"M173.898 439.404l-166.4-166.4c-9.997-9.997-9.997-26.206 0-36.204l36.203-36.204c9.997-9.998 26.207-9.998 36.204 0L192 312.69 432.095 72.596c9.997-9.997 26.207-9.997 36.204 0l36.203 36.204c9.997 9.997 9.997 26.206 0 36.204l-294.4 294.401c-9.998 9.997-26.207 9.997-36.204-.001z\"><\/path><\/svg>\t\t\t\t\t\t<\/span>\n\t\t\t\t\t\t\t\t\t\t<span class=\"elementor-icon-list-text\">Optimum ground connection thanks to real silver threads<\/span>\n\t\t\t\t\t\t\t\t\t<\/li>\n\t\t\t\t\t\t<\/ul>\n\t\t\t\t\t\t<\/div>\n\t\t\t\t<div class=\"elementor-element elementor-element-a09efe3 elementor-widget-divider--view-line elementor-widget elementor-widget-divider\" data-id=\"a09efe3\" data-element_type=\"widget\" data-e-type=\"widget\" data-widget_type=\"divider.default\">\n\t\t\t\t\t\t\t<div class=\"elementor-divider\">\n\t\t\t<span class=\"elementor-divider-separator\">\n\t\t\t\t\t\t<\/span>\n\t\t<\/div>\n\t\t\t\t\t\t<\/div>\n\t\t\t\t<div class=\"elementor-element elementor-element-7da5d1c elementor-widget elementor-widget-heading\" data-id=\"7da5d1c\" data-element_type=\"widget\" data-e-type=\"widget\" data-widget_type=\"heading.default\">\n\t\t\t\t\t<h2 class=\"elementor-heading-title elementor-size-default\">Delivery note<\/h2>\t\t\t\t<\/div>\n\t\t\t\t<div class=\"elementor-element elementor-element-bd647ab elementor-widget elementor-widget-text-editor\" data-id=\"bd647ab\" data-element_type=\"widget\" data-e-type=\"widget\" data-widget_type=\"text-editor.default\">\n\t\t\t\t\t\t\t\t\t<p>The cable with plug is included in the scope of delivery. Simply unpack, connect and earth directly.<\/p>\t\t\t\t\t\t\t\t<\/div>\n\t\t\t\t\t<\/div>\n\t\t\t\t<\/div>\n\t\t\t\t<\/div>","protected":false},"excerpt":{"rendered":"<p data-start=\"301\" data-end=\"601\"><span class=\"BZ_Pyq_fadeIn\">Earthing <\/span><span class=\"BZ_Pyq_fadeIn\">Seat cushion <\/span><span class=\"BZ_Pyq_fadeIn\">to the <\/span><span class=\"BZ_Pyq_fadeIn\">Derivation <\/span><span class=\"BZ_Pyq_fadeIn\">from <\/span><span class=\"BZ_Pyq_fadeIn\">Body tension <\/span><span class=\"BZ_Pyq_fadeIn\">in the <\/span><span class=\"BZ_Pyq_fadeIn\">Everyday life. <\/span><span class=\"BZ_Pyq_fadeIn\">Through <\/span><span class=\"BZ_Pyq_fadeIn\">WLAN, <\/span><span class=\"BZ_Pyq_fadeIn\">electrical <\/span><span class=\"BZ_Pyq_fadeIn\">Cables <\/span><span class=\"BZ_Pyq_fadeIn\">and <\/span><span class=\"BZ_Pyq_fadeIn\">other <\/span><span class=\"BZ_Pyq_fadeIn\">technical <\/span><span class=\"BZ_Pyq_fadeIn\">Devices <\/span><span class=\"BZ_Pyq_fadeIn\">loads <\/span><span class=\"BZ_Pyq_fadeIn\">itself <\/span><span class=\"BZ_Pyq_fadeIn\">our <\/span><span class=\"BZ_Pyq_fadeIn\">Body <\/span><span class=\"BZ_Pyq_fadeIn\">constantly <\/span><span class=\"BZ_Pyq_fadeIn\">with <\/span><span class=\"BZ_Pyq_fadeIn\">electric <\/span><span class=\"BZ_Pyq_fadeIn\">Tension <\/span><span class=\"BZ_Pyq_fadeIn\">on. <\/span><span class=\"BZ_Pyq_fadeIn\">The <\/span><span class=\"BZ_Pyq_fadeIn\">conductive <\/span><span class=\"BZ_Pyq_fadeIn\">Seat cushion <\/span><span class=\"BZ_Pyq_fadeIn\">leads <\/span><span class=\"BZ_Pyq_fadeIn\">these <\/span><span class=\"BZ_Pyq_fadeIn\">Tension <\/span><span class=\"BZ_Pyq_fadeIn\">about <\/span><span class=\"BZ_Pyq_fadeIn\">the <\/span><span class=\"BZ_Pyq_fadeIn\">connected <\/span><span class=\"BZ_Pyq_fadeIn\">Earthing cable <\/span><span class=\"BZ_Pyq_fadeIn\">reliable <\/span><span class=\"BZ_Pyq_fadeIn\">to the <\/span><span class=\"BZ_Pyq_fadeIn\">Earth <\/span><span class=\"BZ_Pyq_fadeIn\">from.<\/span><\/p>\n<p data-start=\"603\" data-end=\"792\"><span class=\"BZ_Pyq_fadeIn\">The <\/span><span class=\"BZ_Pyq_fadeIn\">integrated <\/span><span class=\"BZ_Pyq_fadeIn\">Silver fibres <\/span><span class=\"BZ_Pyq_fadeIn\">provide <\/span><span class=\"BZ_Pyq_fadeIn\">for <\/span><span class=\"BZ_Pyq_fadeIn\">one <\/span><span class=\"BZ_Pyq_fadeIn\">even <\/span><span class=\"BZ_Pyq_fadeIn\">Conductivity <\/span><span class=\"BZ_Pyq_fadeIn\">and <\/span><span class=\"BZ_Pyq_fadeIn\">enable <\/span><span class=\"BZ_Pyq_fadeIn\">one <\/span><span class=\"BZ_Pyq_fadeIn\">physical <\/span><span class=\"BZ_Pyq_fadeIn\">measurable <\/span><span class=\"BZ_Pyq_fadeIn\">Earthing <\/span><span class=\"BZ_Pyq_fadeIn\">already <\/span><span class=\"BZ_Pyq_fadeIn\">at the <\/span><span class=\"BZ_Pyq_fadeIn\">Sitting. <\/span><span class=\"BZ_Pyq_fadeIn\">Ideal <\/span><span class=\"BZ_Pyq_fadeIn\">for <\/span><span class=\"BZ_Pyq_fadeIn\">Office, <\/span><span class=\"BZ_Pyq_fadeIn\">At home, <\/span><span class=\"BZ_Pyq_fadeIn\">Sofa <\/span><span class=\"BZ_Pyq_fadeIn\">or <\/span><span class=\"BZ_Pyq_fadeIn\">Armchair.<\/span><\/p>\n<p data-start=\"794\" data-end=\"988\"><span class=\"BZ_Pyq_fadeIn\">The <\/span><span class=\"BZ_Pyq_fadeIn\">Earthing <\/span><span class=\"BZ_Pyq_fadeIn\">Seat cushion <\/span><span class=\"BZ_Pyq_fadeIn\">from <\/span><span class=\"BZ_Pyq_fadeIn\">Earth vitality <\/span><span class=\"BZ_Pyq_fadeIn\">is <\/span><span class=\"BZ_Pyq_fadeIn\">pleasant <\/span><span class=\"BZ_Pyq_fadeIn\">soft, <\/span><span class=\"BZ_Pyq_fadeIn\">high quality <\/span><span class=\"BZ_Pyq_fadeIn\">processed <\/span><span class=\"BZ_Pyq_fadeIn\">and <\/span><span class=\"BZ_Pyq_fadeIn\">one <\/span><span class=\"BZ_Pyq_fadeIn\">simple <\/span><span class=\"BZ_Pyq_fadeIn\">Possibility, <\/span><span class=\"BZ_Pyq_fadeIn\">Electrosmog <\/span><span class=\"BZ_Pyq_fadeIn\">to <\/span><span class=\"BZ_Pyq_fadeIn\">reduce <\/span><span class=\"BZ_Pyq_fadeIn\">and <\/span><span class=\"BZ_Pyq_fadeIn\">the <\/span><span class=\"BZ_Pyq_fadeIn\">natural <\/span><span class=\"BZ_Pyq_fadeIn\">Earthing <\/span><span class=\"BZ_Pyq_fadeIn\">of the <\/span><span class=\"BZ_Pyq_fadeIn\">Body <\/span><span class=\"BZ_Pyq_fadeIn\">to be restored.<\/span><\/p>","protected":false},"featured_media":6353,"comment_status":"closed","ping_status":"closed","template":"","meta":{"_seopress_robots_primary_cat":"none","_seopress_titles_title":"Erdungs Sitzauflage mit Silber f\u00fcr Stuhl und Sessel","_seopress_titles_desc":"Erdungs Sitzauflage mit Silberfasern f\u00fcr Stuhl und Sessel. Leitet elektrische K\u00f6rperspannung ab und reduziert Elektrosmog im Alltag.","_seopress_robots_index":""},"product_brand":[],"product_cat":[63],"product_tag":[],"class_list":{"0":"post-6322","1":"product","2":"type-product","3":"status-publish","4":"has-post-thumbnail","6":"product_cat-erdungsprodukte-schweiz","8":"first","9":"instock","10":"shipping-taxable","11":"purchasable","12":"product-type-simple"},"_links":{"self":[{"href":"https:\/\/www.erdvital.ch\/en\/wp-json\/wp\/v2\/product\/6322","targetHints":{"allow":["GET"]}}],"collection":[{"href":"https:\/\/www.erdvital.ch\/en\/wp-json\/wp\/v2\/product"}],"about":[{"href":"https:\/\/www.erdvital.ch\/en\/wp-json\/wp\/v2\/types\/product"}],"replies":[{"embeddable":true,"href":"https:\/\/www.erdvital.ch\/en\/wp-json\/wp\/v2\/comments?post=6322"}],"version-history":[{"count":10,"href":"https:\/\/www.erdvital.ch\/en\/wp-json\/wp\/v2\/product\/6322\/revisions"}],"predecessor-version":[{"id":7784,"href":"https:\/\/www.erdvital.ch\/en\/wp-json\/wp\/v2\/product\/6322\/revisions\/7784"}],"wp:featuredmedia":[{"embeddable":true,"href":"https:\/\/www.erdvital.ch\/en\/wp-json\/wp\/v2\/media\/6353"}],"wp:attachment":[{"href":"https:\/\/www.erdvital.ch\/en\/wp-json\/wp\/v2\/media?parent=6322"}],"wp:term":[{"taxonomy":"product_brand","embeddable":true,"href":"https:\/\/www.erdvital.ch\/en\/wp-json\/wp\/v2\/product_brand?post=6322"},{"taxonomy":"product_cat","embeddable":true,"href":"https:\/\/www.erdvital.ch\/en\/wp-json\/wp\/v2\/product_cat?post=6322"},{"taxonomy":"product_tag","embeddable":true,"href":"https:\/\/www.erdvital.ch\/en\/wp-json\/wp\/v2\/product_tag?post=6322"}],"curies":[{"name":"wp","href":"https:\/\/api.w.org\/{rel}","templated":true}]}}