{"id":6599,"date":"2026-01-27T13:25:59","date_gmt":"2026-01-27T12:25:59","guid":{"rendered":"https:\/\/erdvital.aretis-staging.ch\/?post_type=product&#038;p=6599"},"modified":"2026-02-09T11:23:20","modified_gmt":"2026-02-09T10:23:20","slug":"extension-cable","status":"publish","type":"product","link":"https:\/\/www.erdvital.ch\/en\/produkt\/verlaengerungskabel\/","title":{"rendered":"Extension cable - more flexibility for your earthing connection"},"content":{"rendered":"<div data-elementor-type=\"product-post\" data-elementor-id=\"6599\" class=\"elementor elementor-6599\" data-elementor-post-type=\"product\">\n\t\t\t\t<div class=\"elementor-element elementor-element-80680b6 e-flex e-con-boxed e-con e-parent\" data-id=\"80680b6\" data-element_type=\"container\" data-e-type=\"container\">\n\t\t\t\t\t<div class=\"e-con-inner\">\n\t\t\t\t<div class=\"elementor-element elementor-element-74235bc elementor-widget elementor-widget-heading\" data-id=\"74235bc\" data-element_type=\"widget\" data-e-type=\"widget\" data-widget_type=\"heading.default\">\n\t\t\t\t\t<h2 class=\"elementor-heading-title elementor-size-default\">Description of the<\/h2>\t\t\t\t<\/div>\n\t\t\t\t<div class=\"elementor-element elementor-element-a4f48a9 elementor-widget elementor-widget-text-editor\" data-id=\"a4f48a9\" data-element_type=\"widget\" data-e-type=\"widget\" data-widget_type=\"text-editor.default\">\n\t\t\t\t\t\t\t\t\t<p>The cable (available in 6m and 12m) ensures a stable, secure and conductive connection and is compatible with all ErdVital earthing products.<\/p>\t\t\t\t\t\t\t\t<\/div>\n\t\t\t\t<div class=\"elementor-element elementor-element-8f43120 elementor-widget-divider--view-line elementor-widget elementor-widget-divider\" data-id=\"8f43120\" data-element_type=\"widget\" data-e-type=\"widget\" data-widget_type=\"divider.default\">\n\t\t\t\t\t\t\t<div class=\"elementor-divider\">\n\t\t\t<span class=\"elementor-divider-separator\">\n\t\t\t\t\t\t<\/span>\n\t\t<\/div>\n\t\t\t\t\t\t<\/div>\n\t\t\t\t<div class=\"elementor-element elementor-element-bd8302b elementor-widget elementor-widget-heading\" data-id=\"bd8302b\" data-element_type=\"widget\" data-e-type=\"widget\" data-widget_type=\"heading.default\">\n\t\t\t\t\t<h2 class=\"elementor-heading-title elementor-size-default\">Hint<\/h2>\t\t\t\t<\/div>\n\t\t\t\t<div class=\"elementor-element elementor-element-2e48b47 elementor-widget elementor-widget-text-editor\" data-id=\"2e48b47\" data-element_type=\"widget\" data-e-type=\"widget\" data-widget_type=\"text-editor.default\">\n\t\t\t\t\t\t\t\t\tThe extension cable is connected between the cable with plug and the respective earthing product.\t\t\t\t\t\t\t\t<\/div>\n\t\t\t\t\t<\/div>\n\t\t\t\t<\/div>\n\t\t\t\t<\/div>","protected":false},"excerpt":{"rendered":"<p>With the ErdVital extension cable, you can easily bridge the distance between the earthed socket outlet and your earthing product. Ideal if the socket outlet is not directly nearby or if you want to position your earthing product flexibly in the room, at your workplace or in bed.<\/p>","protected":false},"featured_media":6601,"comment_status":"closed","ping_status":"closed","template":"","meta":{"_seopress_robots_primary_cat":"none","_seopress_titles_title":"Verl\u00e4ngerungskabel 6m und 12m f\u00fcr Erdungsprodukte","_seopress_titles_desc":"Mit dem ErdVital Verl\u00e4ngerungskabel kannst du den Abstand zwischen der geerdeten Steckdose und deinem Erdungsprodukt bequem \u00fcberbr\u00fccken.","_seopress_robots_index":""},"product_brand":[],"product_cat":[63],"product_tag":[],"class_list":{"0":"post-6599","1":"product","2":"type-product","3":"status-publish","4":"has-post-thumbnail","6":"product_cat-erdungsprodukte-schweiz","8":"first","9":"instock","10":"shipping-taxable","11":"purchasable","12":"product-type-variable"},"_links":{"self":[{"href":"https:\/\/www.erdvital.ch\/en\/wp-json\/wp\/v2\/product\/6599","targetHints":{"allow":["GET"]}}],"collection":[{"href":"https:\/\/www.erdvital.ch\/en\/wp-json\/wp\/v2\/product"}],"about":[{"href":"https:\/\/www.erdvital.ch\/en\/wp-json\/wp\/v2\/types\/product"}],"replies":[{"embeddable":true,"href":"https:\/\/www.erdvital.ch\/en\/wp-json\/wp\/v2\/comments?post=6599"}],"version-history":[{"count":10,"href":"https:\/\/www.erdvital.ch\/en\/wp-json\/wp\/v2\/product\/6599\/revisions"}],"predecessor-version":[{"id":6867,"href":"https:\/\/www.erdvital.ch\/en\/wp-json\/wp\/v2\/product\/6599\/revisions\/6867"}],"wp:featuredmedia":[{"embeddable":true,"href":"https:\/\/www.erdvital.ch\/en\/wp-json\/wp\/v2\/media\/6601"}],"wp:attachment":[{"href":"https:\/\/www.erdvital.ch\/en\/wp-json\/wp\/v2\/media?parent=6599"}],"wp:term":[{"taxonomy":"product_brand","embeddable":true,"href":"https:\/\/www.erdvital.ch\/en\/wp-json\/wp\/v2\/product_brand?post=6599"},{"taxonomy":"product_cat","embeddable":true,"href":"https:\/\/www.erdvital.ch\/en\/wp-json\/wp\/v2\/product_cat?post=6599"},{"taxonomy":"product_tag","embeddable":true,"href":"https:\/\/www.erdvital.ch\/en\/wp-json\/wp\/v2\/product_tag?post=6599"}],"curies":[{"name":"wp","href":"https:\/\/api.w.org\/{rel}","templated":true}]}}