{"id":6615,"date":"2026-01-27T14:10:39","date_gmt":"2026-01-27T13:10:39","guid":{"rendered":"https:\/\/erdvital.aretis-staging.ch\/?post_type=product&#038;p=6615"},"modified":"2026-02-09T11:22:57","modified_gmt":"2026-02-09T10:22:57","slug":"splitter-extension-for-multiple-earthing-products","status":"publish","type":"product","link":"https:\/\/www.erdvital.ch\/en\/produkt\/splitter-erweiterung-fuer-mehrere-erdungsprodukte\/","title":{"rendered":"Splitter - extension for multiple earthing products"},"content":{"rendered":"<div data-elementor-type=\"product-post\" data-elementor-id=\"6615\" class=\"elementor elementor-6615\" data-elementor-post-type=\"product\">\n\t\t\t\t<div class=\"elementor-element elementor-element-80680b6 e-flex e-con-boxed e-con e-parent\" data-id=\"80680b6\" data-element_type=\"container\" data-e-type=\"container\">\n\t\t\t\t\t<div class=\"e-con-inner\">\n\t\t\t\t<div class=\"elementor-element elementor-element-74235bc elementor-widget elementor-widget-heading\" data-id=\"74235bc\" data-element_type=\"widget\" data-e-type=\"widget\" data-widget_type=\"heading.default\">\n\t\t\t\t\t<h2 class=\"elementor-heading-title elementor-size-default\">Description of the<\/h2>\t\t\t\t<\/div>\n\t\t\t\t<div class=\"elementor-element elementor-element-a4f48a9 elementor-widget elementor-widget-text-editor\" data-id=\"a4f48a9\" data-element_type=\"widget\" data-e-type=\"widget\" data-widget_type=\"text-editor.default\">\n\t\t\t\t\t\t\t\t\t<p>With the splitter, this connection can be easily extended so that you can ground several products at the same time - for example, a fixed sheet, a seat cover and a patch at the same time.<\/p><p>Each splitter adds <strong>an additional connection<\/strong> is added. This creates a flexible solution that can be expanded as required - ideal if you want to operate several earthing products on one plug or earthing rod.<\/p><p>The splitter ensures a secure, conductive connection and distributes the earthing potential evenly to all connected products.<\/p>\t\t\t\t\t\t\t\t<\/div>\n\t\t\t\t<div class=\"elementor-element elementor-element-8f43120 elementor-widget-divider--view-line elementor-widget elementor-widget-divider\" data-id=\"8f43120\" data-element_type=\"widget\" data-e-type=\"widget\" data-widget_type=\"divider.default\">\n\t\t\t\t\t\t\t<div class=\"elementor-divider\">\n\t\t\t<span class=\"elementor-divider-separator\">\n\t\t\t\t\t\t<\/span>\n\t\t<\/div>\n\t\t\t\t\t\t<\/div>\n\t\t\t\t<div class=\"elementor-element elementor-element-bd8302b elementor-widget elementor-widget-heading\" data-id=\"bd8302b\" data-element_type=\"widget\" data-e-type=\"widget\" data-widget_type=\"heading.default\">\n\t\t\t\t\t<h2 class=\"elementor-heading-title elementor-size-default\">Hint<\/h2>\t\t\t\t<\/div>\n\t\t\t\t<div class=\"elementor-element elementor-element-2e48b47 elementor-widget elementor-widget-text-editor\" data-id=\"2e48b47\" data-element_type=\"widget\" data-e-type=\"widget\" data-widget_type=\"text-editor.default\">\n\t\t\t\t\t\t\t\t\tCables, plugs or adapters are not included in the scope of delivery and can be ordered separately in the ErdVital shop.\t\t\t\t\t\t\t\t<\/div>\n\t\t\t\t\t<\/div>\n\t\t\t\t<\/div>\n\t\t\t\t<\/div>","protected":false},"excerpt":{"rendered":"<p>The ErdVital splitter makes it possible to connect additional earthing products at the same time. Each earthing plug has two connections as standard.<\/p>","protected":false},"featured_media":6616,"comment_status":"closed","ping_status":"closed","template":"","meta":{"_seopress_robots_primary_cat":"none","_seopress_titles_title":"Splitter \u2013 Erweiterung f\u00fcr mehrere Erdungsprodukte","_seopress_titles_desc":"Der ErdVital Splitter erm\u00f6glicht es, zus\u00e4tzliche Erdungsprodukte gleichzeitig anzuschliessen. Standardm\u00e4ssig verf\u00fcgt jeder Erdungsstecker \u00fcber zwei Anschl\u00fcsse.","_seopress_robots_index":""},"product_brand":[],"product_cat":[63],"product_tag":[],"class_list":{"0":"post-6615","1":"product","2":"type-product","3":"status-publish","4":"has-post-thumbnail","6":"product_cat-erdungsprodukte-schweiz","8":"first","9":"instock","10":"shipping-taxable","11":"purchasable","12":"product-type-simple"},"_links":{"self":[{"href":"https:\/\/www.erdvital.ch\/en\/wp-json\/wp\/v2\/product\/6615","targetHints":{"allow":["GET"]}}],"collection":[{"href":"https:\/\/www.erdvital.ch\/en\/wp-json\/wp\/v2\/product"}],"about":[{"href":"https:\/\/www.erdvital.ch\/en\/wp-json\/wp\/v2\/types\/product"}],"replies":[{"embeddable":true,"href":"https:\/\/www.erdvital.ch\/en\/wp-json\/wp\/v2\/comments?post=6615"}],"version-history":[{"count":5,"href":"https:\/\/www.erdvital.ch\/en\/wp-json\/wp\/v2\/product\/6615\/revisions"}],"predecessor-version":[{"id":6868,"href":"https:\/\/www.erdvital.ch\/en\/wp-json\/wp\/v2\/product\/6615\/revisions\/6868"}],"wp:featuredmedia":[{"embeddable":true,"href":"https:\/\/www.erdvital.ch\/en\/wp-json\/wp\/v2\/media\/6616"}],"wp:attachment":[{"href":"https:\/\/www.erdvital.ch\/en\/wp-json\/wp\/v2\/media?parent=6615"}],"wp:term":[{"taxonomy":"product_brand","embeddable":true,"href":"https:\/\/www.erdvital.ch\/en\/wp-json\/wp\/v2\/product_brand?post=6615"},{"taxonomy":"product_cat","embeddable":true,"href":"https:\/\/www.erdvital.ch\/en\/wp-json\/wp\/v2\/product_cat?post=6615"},{"taxonomy":"product_tag","embeddable":true,"href":"https:\/\/www.erdvital.ch\/en\/wp-json\/wp\/v2\/product_tag?post=6615"}],"curies":[{"name":"wp","href":"https:\/\/api.w.org\/{rel}","templated":true}]}}