{"id":6685,"date":"2026-01-28T13:09:11","date_gmt":"2026-01-28T12:09:11","guid":{"rendered":"https:\/\/erdvital.aretis-staging.ch\/?post_type=product&#038;p=6685"},"modified":"2026-03-13T13:48:10","modified_gmt":"2026-03-13T12:48:10","slug":"conductivity-tester-test-the-function-and-conductivity-of-your-earthing-products","status":"publish","type":"product","link":"https:\/\/www.erdvital.ch\/en\/produkt\/leitfaehigkeits-tester-funktion-und-leitfaehigkeit-ihrer-erdungsprodukte-pruefen\/","title":{"rendered":"Conductivity tester for earthing products"},"content":{"rendered":"<div data-elementor-type=\"product-post\" data-elementor-id=\"6685\" class=\"elementor elementor-6685\" data-elementor-post-type=\"product\">\n\t\t\t\t<div class=\"elementor-element elementor-element-138f5a3 e-flex e-con-boxed e-con e-parent\" data-id=\"138f5a3\" data-element_type=\"container\" data-e-type=\"container\">\n\t\t\t\t\t<div class=\"e-con-inner\">\n\t\t\t\t<div class=\"elementor-element elementor-element-1ff2fe7 elementor-widget elementor-widget-heading\" data-id=\"1ff2fe7\" data-element_type=\"widget\" data-e-type=\"widget\" data-widget_type=\"heading.default\">\n\t\t\t\t\t<h2 class=\"elementor-heading-title elementor-size-default\">Description of the<\/h2>\t\t\t\t<\/div>\n\t\t\t\t<div class=\"elementor-element elementor-element-f2f9db7 elementor-widget elementor-widget-text-editor\" data-id=\"f2f9db7\" data-element_type=\"widget\" data-e-type=\"widget\" data-widget_type=\"text-editor.default\">\n\t\t\t\t\t\t\t\t\t<p>After prolonged use, the earth conductivity tester from ErdVital immediately shows whether the electrical connection and conductivity are still intact.<\/p><p>Regular checks with the conductivity tester are useful to ensure that the contact between the plug, cable and conductive material functions optimally.<br \/>This means you retain the full effect of your earthing products and can rely on a constant earth connection.<\/p>\t\t\t\t\t\t\t\t<\/div>\n\t\t\t\t<div class=\"elementor-element elementor-element-bbf5b43 elementor-widget-divider--view-line elementor-widget elementor-widget-divider\" data-id=\"bbf5b43\" data-element_type=\"widget\" data-e-type=\"widget\" data-widget_type=\"divider.default\">\n\t\t\t\t\t\t\t<div class=\"elementor-divider\">\n\t\t\t<span class=\"elementor-divider-separator\">\n\t\t\t\t\t\t<\/span>\n\t\t<\/div>\n\t\t\t\t\t\t<\/div>\n\t\t\t\t<div class=\"elementor-element elementor-element-214fa4a elementor-widget elementor-widget-heading\" data-id=\"214fa4a\" data-element_type=\"widget\" data-e-type=\"widget\" data-widget_type=\"heading.default\">\n\t\t\t\t\t<h2 class=\"elementor-heading-title elementor-size-default\">Application<\/h2>\t\t\t\t<\/div>\n\t\t\t\t<div class=\"elementor-element elementor-element-8a19921 elementor-widget elementor-widget-text-editor\" data-id=\"8a19921\" data-element_type=\"widget\" data-e-type=\"widget\" data-widget_type=\"text-editor.default\">\n\t\t\t\t\t\t\t\t\tConnect the measuring cable to your earthing product and follow the brief test instructions. The display immediately shows whether the product is conducting correctly.\nThe application is simple and requires no technical knowledge.\t\t\t\t\t\t\t\t<\/div>\n\t\t\t\t<div class=\"elementor-element elementor-element-185fa0e elementor-widget-divider--view-line elementor-widget elementor-widget-divider\" data-id=\"185fa0e\" data-element_type=\"widget\" data-e-type=\"widget\" data-widget_type=\"divider.default\">\n\t\t\t\t\t\t\t<div class=\"elementor-divider\">\n\t\t\t<span class=\"elementor-divider-separator\">\n\t\t\t\t\t\t<\/span>\n\t\t<\/div>\n\t\t\t\t\t\t<\/div>\n\t\t<div class=\"elementor-element elementor-element-a827da1 e-con-full e-flex e-con e-child\" data-id=\"a827da1\" data-element_type=\"container\" data-e-type=\"container\">\n\t\t<div class=\"elementor-element elementor-element-7b90270 e-con-full e-flex e-con e-child\" data-id=\"7b90270\" data-element_type=\"container\" data-e-type=\"container\">\n\t\t\t\t<div class=\"elementor-element elementor-element-bec31b2 elementor-widget elementor-widget-image\" data-id=\"bec31b2\" data-element_type=\"widget\" data-e-type=\"widget\" data-widget_type=\"image.default\">\n\t\t\t\t\t\t\t\t\t\t\t\t\t\t\t\t<a href=\"https:\/\/www.erdvital.ch\/wp-content\/uploads\/2026\/01\/leitfaehigkeits-tester4.webp\" data-elementor-open-lightbox=\"yes\" data-elementor-lightbox-title=\"leitfaehigkeits-tester4\" data-e-action-hash=\"#elementor-action%3Aaction%3Dlightbox%26settings%3DeyJpZCI6NjY4OSwidXJsIjoiaHR0cHM6XC9cL3d3dy5lcmR2aXRhbC5jaFwvd3AtY29udGVudFwvdXBsb2Fkc1wvMjAyNlwvMDFcL2xlaXRmYWVoaWdrZWl0cy10ZXN0ZXI0LndlYnAifQ%3D%3D\">\n\t\t\t\t\t\t\t<img alt=\"\" fetchpriority=\"high\" decoding=\"async\" width=\"2400\" height=\"1600\" src=\"https:\/\/www.erdvital.ch\/wp-content\/uploads\/2026\/01\/leitfaehigkeits-tester4.webp\" class=\"attachment-full size-full wp-image-6689\" srcset=\"https:\/\/www.erdvital.ch\/wp-content\/uploads\/2026\/01\/leitfaehigkeits-tester4.webp 2400w, https:\/\/www.erdvital.ch\/wp-content\/uploads\/2026\/01\/leitfaehigkeits-tester4-800x533.webp 800w, https:\/\/www.erdvital.ch\/wp-content\/uploads\/2026\/01\/leitfaehigkeits-tester4-1024x683.webp 1024w, https:\/\/www.erdvital.ch\/wp-content\/uploads\/2026\/01\/leitfaehigkeits-tester4-768x512.webp 768w, https:\/\/www.erdvital.ch\/wp-content\/uploads\/2026\/01\/leitfaehigkeits-tester4-1536x1024.webp 1536w, https:\/\/www.erdvital.ch\/wp-content\/uploads\/2026\/01\/leitfaehigkeits-tester4-2048x1365.webp 2048w, https:\/\/www.erdvital.ch\/wp-content\/uploads\/2026\/01\/leitfaehigkeits-tester4-600x400.webp 600w\" sizes=\"(max-width: 2400px) 100vw, 2400px\" \/>\t\t\t\t\t\t\t\t<\/a>\n\t\t\t\t\t\t\t\t\t\t\t\t\t\t\t<\/div>\n\t\t\t\t<\/div>\n\t\t<div class=\"elementor-element elementor-element-c12657d e-con-full e-flex e-con e-child\" data-id=\"c12657d\" data-element_type=\"container\" data-e-type=\"container\">\n\t\t\t\t<div class=\"elementor-element elementor-element-6eb45a6 elementor-widget elementor-widget-image\" data-id=\"6eb45a6\" data-element_type=\"widget\" data-e-type=\"widget\" data-widget_type=\"image.default\">\n\t\t\t\t\t\t\t\t\t\t\t\t\t\t\t\t<a href=\"https:\/\/www.erdvital.ch\/wp-content\/uploads\/2026\/01\/leitfaehigkeits-tester5-1.webp\" data-elementor-open-lightbox=\"yes\" data-elementor-lightbox-title=\"leitfaehigkeits-tester5\" data-e-action-hash=\"#elementor-action%3Aaction%3Dlightbox%26settings%3DeyJpZCI6NjY5MiwidXJsIjoiaHR0cHM6XC9cL3d3dy5lcmR2aXRhbC5jaFwvd3AtY29udGVudFwvdXBsb2Fkc1wvMjAyNlwvMDFcL2xlaXRmYWVoaWdrZWl0cy10ZXN0ZXI1LTEud2VicCJ9\">\n\t\t\t\t\t\t\t<img alt=\"\" decoding=\"async\" width=\"2400\" height=\"1599\" src=\"https:\/\/www.erdvital.ch\/wp-content\/uploads\/2026\/01\/leitfaehigkeits-tester5-1.webp\" class=\"attachment-full size-full wp-image-6692\" srcset=\"https:\/\/www.erdvital.ch\/wp-content\/uploads\/2026\/01\/leitfaehigkeits-tester5-1.webp 2400w, https:\/\/www.erdvital.ch\/wp-content\/uploads\/2026\/01\/leitfaehigkeits-tester5-1-800x533.webp 800w, https:\/\/www.erdvital.ch\/wp-content\/uploads\/2026\/01\/leitfaehigkeits-tester5-1-1024x682.webp 1024w, https:\/\/www.erdvital.ch\/wp-content\/uploads\/2026\/01\/leitfaehigkeits-tester5-1-768x512.webp 768w, https:\/\/www.erdvital.ch\/wp-content\/uploads\/2026\/01\/leitfaehigkeits-tester5-1-1536x1023.webp 1536w, https:\/\/www.erdvital.ch\/wp-content\/uploads\/2026\/01\/leitfaehigkeits-tester5-1-2048x1364.webp 2048w, https:\/\/www.erdvital.ch\/wp-content\/uploads\/2026\/01\/leitfaehigkeits-tester5-1-600x400.webp 600w\" sizes=\"(max-width: 2400px) 100vw, 2400px\" \/>\t\t\t\t\t\t\t\t<\/a>\n\t\t\t\t\t\t\t\t\t\t\t\t\t\t\t<\/div>\n\t\t\t\t<\/div>\n\t\t\t\t<\/div>\n\t\t\t\t<div class=\"elementor-element elementor-element-9a654cc elementor-widget elementor-widget-text-editor\" data-id=\"9a654cc\" data-element_type=\"widget\" data-e-type=\"widget\" data-widget_type=\"text-editor.default\">\n\t\t\t\t\t\t\t\t\t<p><em>Touch the fixed earthing cloth or the cushion with the probe. You can see immediately (green LED) whether the earthing is working reliably and discharging electrical voltage.<\/em><\/p>\t\t\t\t\t\t\t\t<\/div>\n\t\t\t\t<div class=\"elementor-element elementor-element-8341b17 elementor-widget-divider--view-line elementor-widget elementor-widget-divider\" data-id=\"8341b17\" data-element_type=\"widget\" data-e-type=\"widget\" data-widget_type=\"divider.default\">\n\t\t\t\t\t\t\t<div class=\"elementor-divider\">\n\t\t\t<span class=\"elementor-divider-separator\">\n\t\t\t\t\t\t<\/span>\n\t\t<\/div>\n\t\t\t\t\t\t<\/div>\n\t\t\t\t<div class=\"elementor-element elementor-element-5220975 elementor-widget elementor-widget-heading\" data-id=\"5220975\" data-element_type=\"widget\" data-e-type=\"widget\" data-widget_type=\"heading.default\">\n\t\t\t\t\t<h2 class=\"elementor-heading-title elementor-size-default\">Advantages at a glance<\/h2>\t\t\t\t<\/div>\n\t\t\t\t<div class=\"elementor-element elementor-element-0578ccc elementor-icon-list--layout-traditional elementor-list-item-link-full_width elementor-widget elementor-widget-icon-list\" data-id=\"0578ccc\" data-element_type=\"widget\" data-e-type=\"widget\" data-widget_type=\"icon-list.default\">\n\t\t\t\t\t\t\t<ul class=\"elementor-icon-list-items\">\n\t\t\t\t\t\t\t<li class=\"elementor-icon-list-item\">\n\t\t\t\t\t\t\t\t\t\t\t<span class=\"elementor-icon-list-icon\">\n\t\t\t\t\t\t\t<svg aria-hidden=\"true\" class=\"e-font-icon-svg e-fas-check\" viewbox=\"0 0 512 512\" xmlns=\"http:\/\/www.w3.org\/2000\/svg\"><path d=\"M173.898 439.404l-166.4-166.4c-9.997-9.997-9.997-26.206 0-36.204l36.203-36.204c9.997-9.998 26.207-9.998 36.204 0L192 312.69 432.095 72.596c9.997-9.997 26.207-9.997 36.204 0l36.203 36.204c9.997 9.997 9.997 26.206 0 36.204l-294.4 294.401c-9.998 9.997-26.207 9.997-36.204-.001z\"><\/path><\/svg>\t\t\t\t\t\t<\/span>\n\t\t\t\t\t\t\t\t\t\t<span class=\"elementor-icon-list-text\">Reliable control of the conductivity of your earthing products<\/span>\n\t\t\t\t\t\t\t\t\t<\/li>\n\t\t\t\t\t\t\t\t<li class=\"elementor-icon-list-item\">\n\t\t\t\t\t\t\t\t\t\t\t<span class=\"elementor-icon-list-icon\">\n\t\t\t\t\t\t\t<svg aria-hidden=\"true\" class=\"e-font-icon-svg e-fas-check\" viewbox=\"0 0 512 512\" xmlns=\"http:\/\/www.w3.org\/2000\/svg\"><path d=\"M173.898 439.404l-166.4-166.4c-9.997-9.997-9.997-26.206 0-36.204l36.203-36.204c9.997-9.998 26.207-9.998 36.204 0L192 312.69 432.095 72.596c9.997-9.997 26.207-9.997 36.204 0l36.203 36.204c9.997 9.997 9.997 26.206 0 36.204l-294.4 294.401c-9.998 9.997-26.207 9.997-36.204-.001z\"><\/path><\/svg>\t\t\t\t\t\t<\/span>\n\t\t\t\t\t\t\t\t\t\t<span class=\"elementor-icon-list-text\">Quick and uncomplicated application<\/span>\n\t\t\t\t\t\t\t\t\t<\/li>\n\t\t\t\t\t\t\t\t<li class=\"elementor-icon-list-item\">\n\t\t\t\t\t\t\t\t\t\t\t<span class=\"elementor-icon-list-icon\">\n\t\t\t\t\t\t\t<svg aria-hidden=\"true\" class=\"e-font-icon-svg e-fas-check\" viewbox=\"0 0 512 512\" xmlns=\"http:\/\/www.w3.org\/2000\/svg\"><path d=\"M173.898 439.404l-166.4-166.4c-9.997-9.997-9.997-26.206 0-36.204l36.203-36.204c9.997-9.998 26.207-9.998 36.204 0L192 312.69 432.095 72.596c9.997-9.997 26.207-9.997 36.204 0l36.203 36.204c9.997 9.997 9.997 26.206 0 36.204l-294.4 294.401c-9.998 9.997-26.207 9.997-36.204-.001z\"><\/path><\/svg>\t\t\t\t\t\t<\/span>\n\t\t\t\t\t\t\t\t\t\t<span class=\"elementor-icon-list-text\">Helps to recognise functional disorders at an early stage<\/span>\n\t\t\t\t\t\t\t\t\t<\/li>\n\t\t\t\t\t\t\t\t<li class=\"elementor-icon-list-item\">\n\t\t\t\t\t\t\t\t\t\t\t<span class=\"elementor-icon-list-icon\">\n\t\t\t\t\t\t\t<svg aria-hidden=\"true\" class=\"e-font-icon-svg e-fas-check\" viewbox=\"0 0 512 512\" xmlns=\"http:\/\/www.w3.org\/2000\/svg\"><path d=\"M173.898 439.404l-166.4-166.4c-9.997-9.997-9.997-26.206 0-36.204l36.203-36.204c9.997-9.998 26.207-9.998 36.204 0L192 312.69 432.095 72.596c9.997-9.997 26.207-9.997 36.204 0l36.203 36.204c9.997 9.997 9.997 26.206 0 36.204l-294.4 294.401c-9.998 9.997-26.207 9.997-36.204-.001z\"><\/path><\/svg>\t\t\t\t\t\t<\/span>\n\t\t\t\t\t\t\t\t\t\t<span class=\"elementor-icon-list-text\">More safety and confidence in your earthing system<\/span>\n\t\t\t\t\t\t\t\t\t<\/li>\n\t\t\t\t\t\t<\/ul>\n\t\t\t\t\t\t<\/div>\n\t\t\t\t<div class=\"elementor-element elementor-element-ce97c5f elementor-widget-divider--view-line elementor-widget elementor-widget-divider\" data-id=\"ce97c5f\" data-element_type=\"widget\" data-e-type=\"widget\" data-widget_type=\"divider.default\">\n\t\t\t\t\t\t\t<div class=\"elementor-divider\">\n\t\t\t<span class=\"elementor-divider-separator\">\n\t\t\t\t\t\t<\/span>\n\t\t<\/div>\n\t\t\t\t\t\t<\/div>\n\t\t\t\t<div class=\"elementor-element elementor-element-8adff15 elementor-widget elementor-widget-heading\" data-id=\"8adff15\" data-element_type=\"widget\" data-e-type=\"widget\" data-widget_type=\"heading.default\">\n\t\t\t\t\t<h2 class=\"elementor-heading-title elementor-size-default\">Hint<\/h2>\t\t\t\t<\/div>\n\t\t\t\t<div class=\"elementor-element elementor-element-c5f6802 elementor-widget elementor-widget-text-editor\" data-id=\"c5f6802\" data-element_type=\"widget\" data-e-type=\"widget\" data-widget_type=\"text-editor.default\">\n\t\t\t\t\t\t\t\t\tThe earth conductivity tester is compatible with all ErdVital earthing products and is ideal for regularly checking conductivity in the home or office.\t\t\t\t\t\t\t\t<\/div>\n\t\t\t\t\t<\/div>\n\t\t\t\t<\/div>\n\t\t\t\t<\/div>","protected":false},"excerpt":{"rendered":"<p><span class=\"BZ_Pyq_fadeIn\">With <\/span><span class=\"BZ_Pyq_fadeIn\">this <\/span><span class=\"BZ_Pyq_fadeIn\">Conductivity tester <\/span><span class=\"BZ_Pyq_fadeIn\">check <\/span><span class=\"BZ_Pyq_fadeIn\">You <\/span><span class=\"BZ_Pyq_fadeIn\">simple <\/span><span class=\"BZ_Pyq_fadeIn\">and <\/span><span class=\"BZ_Pyq_fadeIn\">fast, <\/span><span class=\"BZ_Pyq_fadeIn\">whether <\/span><span class=\"BZ_Pyq_fadeIn\">Your <\/span><span class=\"BZ_Pyq_fadeIn\">Earthing products <\/span><span class=\"BZ_Pyq_fadeIn\">correct <\/span><span class=\"BZ_Pyq_fadeIn\">function. <\/span><span class=\"BZ_Pyq_fadeIn\">Testing <\/span><span class=\"BZ_Pyq_fadeIn\">You <\/span><span class=\"BZ_Pyq_fadeIn\">Fixed sheets, <\/span><span class=\"BZ_Pyq_fadeIn\">Earthing mats <\/span><span class=\"BZ_Pyq_fadeIn\">or <\/span><span class=\"BZ_Pyq_fadeIn\">Mattress toppers <\/span><span class=\"BZ_Pyq_fadeIn\">on <\/span><span class=\"BZ_Pyq_fadeIn\">their <\/span><span class=\"BZ_Pyq_fadeIn\">Conductivity <\/span><span class=\"BZ_Pyq_fadeIn\">and <\/span><span class=\"BZ_Pyq_fadeIn\">place <\/span><span class=\"BZ_Pyq_fadeIn\">You <\/span><span class=\"BZ_Pyq_fadeIn\">safe, <\/span><span class=\"BZ_Pyq_fadeIn\">that <\/span><span class=\"BZ_Pyq_fadeIn\">the <\/span><span class=\"BZ_Pyq_fadeIn\">Earthing <\/span><span class=\"BZ_Pyq_fadeIn\">reliable <\/span><span class=\"BZ_Pyq_fadeIn\">works. <\/span><span class=\"BZ_Pyq_fadeIn\">The <\/span><span class=\"BZ_Pyq_fadeIn\">Tester <\/span><span class=\"BZ_Pyq_fadeIn\">suitable <\/span><span class=\"BZ_Pyq_fadeIn\">itself <\/span><span class=\"BZ_Pyq_fadeIn\">also <\/span><span class=\"BZ_Pyq_fadeIn\">ideal, <\/span><span class=\"BZ_Pyq_fadeIn\">at <\/span><span class=\"BZ_Pyq_fadeIn\">older <\/span><span class=\"BZ_Pyq_fadeIn\">Products <\/span><span class=\"BZ_Pyq_fadeIn\">to <\/span><span class=\"BZ_Pyq_fadeIn\">control <\/span><span class=\"BZ_Pyq_fadeIn\">and <\/span><span class=\"BZ_Pyq_fadeIn\">the <\/span><span class=\"BZ_Pyq_fadeIn\">Function <\/span><span class=\"BZ_Pyq_fadeIn\">at any time <\/span><span class=\"BZ_Pyq_fadeIn\">to <\/span><span class=\"BZ_Pyq_fadeIn\">check.<\/span><\/p>","protected":false},"featured_media":6686,"comment_status":"closed","ping_status":"closed","template":"","meta":{"_seopress_robots_primary_cat":"none","_seopress_titles_title":"Erdungsleitf\u00e4higkeits-Tester \u2013 Erdungsprodukte pr\u00fcfen","_seopress_titles_desc":"Mit diesem Tester pr\u00fcfen Sie schnell, ob Ihre Erdungsprodukte korrekt leiten. Ideal f\u00fcr Fixleint\u00fccher und Erdungsmatten.","_seopress_robots_index":""},"product_brand":[],"product_cat":[63],"product_tag":[],"class_list":{"0":"post-6685","1":"product","2":"type-product","3":"status-publish","4":"has-post-thumbnail","6":"product_cat-erdungsprodukte-schweiz","8":"first","9":"instock","10":"shipping-taxable","11":"purchasable","12":"product-type-simple"},"_links":{"self":[{"href":"https:\/\/www.erdvital.ch\/en\/wp-json\/wp\/v2\/product\/6685","targetHints":{"allow":["GET"]}}],"collection":[{"href":"https:\/\/www.erdvital.ch\/en\/wp-json\/wp\/v2\/product"}],"about":[{"href":"https:\/\/www.erdvital.ch\/en\/wp-json\/wp\/v2\/types\/product"}],"replies":[{"embeddable":true,"href":"https:\/\/www.erdvital.ch\/en\/wp-json\/wp\/v2\/comments?post=6685"}],"version-history":[{"count":10,"href":"https:\/\/www.erdvital.ch\/en\/wp-json\/wp\/v2\/product\/6685\/revisions"}],"predecessor-version":[{"id":7487,"href":"https:\/\/www.erdvital.ch\/en\/wp-json\/wp\/v2\/product\/6685\/revisions\/7487"}],"wp:featuredmedia":[{"embeddable":true,"href":"https:\/\/www.erdvital.ch\/en\/wp-json\/wp\/v2\/media\/6686"}],"wp:attachment":[{"href":"https:\/\/www.erdvital.ch\/en\/wp-json\/wp\/v2\/media?parent=6685"}],"wp:term":[{"taxonomy":"product_brand","embeddable":true,"href":"https:\/\/www.erdvital.ch\/en\/wp-json\/wp\/v2\/product_brand?post=6685"},{"taxonomy":"product_cat","embeddable":true,"href":"https:\/\/www.erdvital.ch\/en\/wp-json\/wp\/v2\/product_cat?post=6685"},{"taxonomy":"product_tag","embeddable":true,"href":"https:\/\/www.erdvital.ch\/en\/wp-json\/wp\/v2\/product_tag?post=6685"}],"curies":[{"name":"wp","href":"https:\/\/api.w.org\/{rel}","templated":true}]}}