{"id":6700,"date":"2026-01-28T14:22:07","date_gmt":"2026-01-28T13:22:07","guid":{"rendered":"https:\/\/erdvital.aretis-staging.ch\/?post_type=product&#038;p=6700"},"modified":"2026-03-17T19:27:27","modified_gmt":"2026-03-17T18:27:27","slug":"earth-checker-socket-outlet","status":"publish","type":"product","link":"https:\/\/www.erdvital.ch\/en\/produkt\/erdungs-checker-steckdose\/","title":{"rendered":"Earthing checker - simply check sockets for earthing"},"content":{"rendered":"<div data-elementor-type=\"product-post\" data-elementor-id=\"6700\" class=\"elementor elementor-6700\" data-elementor-post-type=\"product\">\n\t\t\t\t<div class=\"elementor-element elementor-element-138f5a3 e-flex e-con-boxed e-con e-parent\" data-id=\"138f5a3\" data-element_type=\"container\" data-e-type=\"container\">\n\t\t\t\t\t<div class=\"e-con-inner\">\n\t\t\t\t<div class=\"elementor-element elementor-element-1ff2fe7 elementor-widget elementor-widget-heading\" data-id=\"1ff2fe7\" data-element_type=\"widget\" data-e-type=\"widget\" data-widget_type=\"heading.default\">\n\t\t\t\t\t<h2 class=\"elementor-heading-title elementor-size-default\">Description of the<\/h2>\t\t\t\t<\/div>\n\t\t\t\t<div class=\"elementor-element elementor-element-f2f9db7 elementor-widget elementor-widget-text-editor\" data-id=\"f2f9db7\" data-element_type=\"widget\" data-e-type=\"widget\" data-widget_type=\"text-editor.default\">\n\t\t\t\t\t\t\t\t\t<p>Useful accessory: The earthing checker shows at a glance whether a socket outlet is correctly earthed and correctly connected. This tells you whether mattress toppers, fitted sheets or mats are working reliably.<\/p>\t\t\t\t\t\t\t\t<\/div>\n\t\t\t\t<div class=\"elementor-element elementor-element-bbf5b43 elementor-widget-divider--view-line elementor-widget elementor-widget-divider\" data-id=\"bbf5b43\" data-element_type=\"widget\" data-e-type=\"widget\" data-widget_type=\"divider.default\">\n\t\t\t\t\t\t\t<div class=\"elementor-divider\">\n\t\t\t<span class=\"elementor-divider-separator\">\n\t\t\t\t\t\t<\/span>\n\t\t<\/div>\n\t\t\t\t\t\t<\/div>\n\t\t\t\t<div class=\"elementor-element elementor-element-214fa4a elementor-widget elementor-widget-heading\" data-id=\"214fa4a\" data-element_type=\"widget\" data-e-type=\"widget\" data-widget_type=\"heading.default\">\n\t\t\t\t\t<h2 class=\"elementor-heading-title elementor-size-default\">Functions<\/h2>\t\t\t\t<\/div>\n\t\t\t\t<div class=\"elementor-element elementor-element-8848c19 elementor-icon-list--layout-traditional elementor-list-item-link-full_width elementor-widget elementor-widget-icon-list\" data-id=\"8848c19\" data-element_type=\"widget\" data-e-type=\"widget\" data-widget_type=\"icon-list.default\">\n\t\t\t\t\t\t\t<ul class=\"elementor-icon-list-items\">\n\t\t\t\t\t\t\t<li class=\"elementor-icon-list-item\">\n\t\t\t\t\t\t\t\t\t\t\t<span class=\"elementor-icon-list-icon\">\n\t\t\t\t\t\t\t<svg aria-hidden=\"true\" class=\"e-font-icon-svg e-fas-chevron-right\" viewbox=\"0 0 320 512\" xmlns=\"http:\/\/www.w3.org\/2000\/svg\"><path d=\"M285.476 272.971L91.132 467.314c-9.373 9.373-24.569 9.373-33.941 0l-22.667-22.667c-9.357-9.357-9.375-24.522-.04-33.901L188.505 256 34.484 101.255c-9.335-9.379-9.317-24.544.04-33.901l22.667-22.667c9.373-9.373 24.569-9.373 33.941 0L285.475 239.03c9.373 9.372 9.373 24.568.001 33.941z\"><\/path><\/svg>\t\t\t\t\t\t<\/span>\n\t\t\t\t\t\t\t\t\t\t<span class=\"elementor-icon-list-text\">Checks whether a socket outlet is earthed<\/span>\n\t\t\t\t\t\t\t\t\t<\/li>\n\t\t\t\t\t\t\t\t<li class=\"elementor-icon-list-item\">\n\t\t\t\t\t\t\t\t\t\t\t<span class=\"elementor-icon-list-icon\">\n\t\t\t\t\t\t\t<svg aria-hidden=\"true\" class=\"e-font-icon-svg e-fas-chevron-right\" viewbox=\"0 0 320 512\" xmlns=\"http:\/\/www.w3.org\/2000\/svg\"><path d=\"M285.476 272.971L91.132 467.314c-9.373 9.373-24.569 9.373-33.941 0l-22.667-22.667c-9.357-9.357-9.375-24.522-.04-33.901L188.505 256 34.484 101.255c-9.335-9.379-9.317-24.544.04-33.901l22.667-22.667c9.373-9.373 24.569-9.373 33.941 0L285.475 239.03c9.373 9.372 9.373 24.568.001 33.941z\"><\/path><\/svg>\t\t\t\t\t\t<\/span>\n\t\t\t\t\t\t\t\t\t\t<span class=\"elementor-icon-list-text\">Checks the correct wiring of phase, neutral and PE conductor<\/span>\n\t\t\t\t\t\t\t\t\t<\/li>\n\t\t\t\t\t\t\t\t<li class=\"elementor-icon-list-item\">\n\t\t\t\t\t\t\t\t\t\t\t<span class=\"elementor-icon-list-icon\">\n\t\t\t\t\t\t\t<svg aria-hidden=\"true\" class=\"e-font-icon-svg e-fas-chevron-right\" viewbox=\"0 0 320 512\" xmlns=\"http:\/\/www.w3.org\/2000\/svg\"><path d=\"M285.476 272.971L91.132 467.314c-9.373 9.373-24.569 9.373-33.941 0l-22.667-22.667c-9.357-9.357-9.375-24.522-.04-33.901L188.505 256 34.484 101.255c-9.335-9.379-9.317-24.544.04-33.901l22.667-22.667c9.373-9.373 24.569-9.373 33.941 0L285.475 239.03c9.373 9.372 9.373 24.568.001 33.941z\"><\/path><\/svg>\t\t\t\t\t\t<\/span>\n\t\t\t\t\t\t\t\t\t\t<span class=\"elementor-icon-list-text\">Displays the result immediately via an LED indicator light<\/span>\n\t\t\t\t\t\t\t\t\t<\/li>\n\t\t\t\t\t\t<\/ul>\n\t\t\t\t\t\t<\/div>\n\t\t\t\t<div class=\"elementor-element elementor-element-185fa0e elementor-widget-divider--view-line elementor-widget elementor-widget-divider\" data-id=\"185fa0e\" data-element_type=\"widget\" data-e-type=\"widget\" data-widget_type=\"divider.default\">\n\t\t\t\t\t\t\t<div class=\"elementor-divider\">\n\t\t\t<span class=\"elementor-divider-separator\">\n\t\t\t\t\t\t<\/span>\n\t\t<\/div>\n\t\t\t\t\t\t<\/div>\n\t\t\t\t<div class=\"elementor-element elementor-element-165f58c elementor-widget elementor-widget-image\" data-id=\"165f58c\" data-element_type=\"widget\" data-e-type=\"widget\" data-widget_type=\"image.default\">\n\t\t\t\t\t\t\t\t\t\t\t\t\t\t\t<img alt=\"\" fetchpriority=\"high\" decoding=\"async\" width=\"2400\" height=\"1600\" src=\"https:\/\/www.erdvital.ch\/wp-content\/uploads\/2026\/01\/erdungs-checker-steckdosen4.webp\" class=\"attachment-full size-full wp-image-6705\" srcset=\"https:\/\/www.erdvital.ch\/wp-content\/uploads\/2026\/01\/erdungs-checker-steckdosen4.webp 2400w, https:\/\/www.erdvital.ch\/wp-content\/uploads\/2026\/01\/erdungs-checker-steckdosen4-800x533.webp 800w, https:\/\/www.erdvital.ch\/wp-content\/uploads\/2026\/01\/erdungs-checker-steckdosen4-1024x683.webp 1024w, https:\/\/www.erdvital.ch\/wp-content\/uploads\/2026\/01\/erdungs-checker-steckdosen4-768x512.webp 768w, https:\/\/www.erdvital.ch\/wp-content\/uploads\/2026\/01\/erdungs-checker-steckdosen4-1536x1024.webp 1536w, https:\/\/www.erdvital.ch\/wp-content\/uploads\/2026\/01\/erdungs-checker-steckdosen4-2048x1365.webp 2048w, https:\/\/www.erdvital.ch\/wp-content\/uploads\/2026\/01\/erdungs-checker-steckdosen4-600x400.webp 600w\" sizes=\"(max-width: 2400px) 100vw, 2400px\" \/>\t\t\t\t\t\t\t\t\t\t\t\t\t\t\t<\/div>\n\t\t\t\t<div class=\"elementor-element elementor-element-9a654cc elementor-widget elementor-widget-text-editor\" data-id=\"9a654cc\" data-element_type=\"widget\" data-e-type=\"widget\" data-widget_type=\"text-editor.default\">\n\t\t\t\t\t\t\t\t\t<p><em>With the earthing checker, you can test whether a socket outlet is correctly earthed and wired correctly in just a few seconds. <\/em><\/p>\t\t\t\t\t\t\t\t<\/div>\n\t\t\t\t<div class=\"elementor-element elementor-element-8341b17 elementor-widget-divider--view-line elementor-widget elementor-widget-divider\" data-id=\"8341b17\" data-element_type=\"widget\" data-e-type=\"widget\" data-widget_type=\"divider.default\">\n\t\t\t\t\t\t\t<div class=\"elementor-divider\">\n\t\t\t<span class=\"elementor-divider-separator\">\n\t\t\t\t\t\t<\/span>\n\t\t<\/div>\n\t\t\t\t\t\t<\/div>\n\t\t\t\t<div class=\"elementor-element elementor-element-5220975 elementor-widget elementor-widget-heading\" data-id=\"5220975\" data-element_type=\"widget\" data-e-type=\"widget\" data-widget_type=\"heading.default\">\n\t\t\t\t\t<h2 class=\"elementor-heading-title elementor-size-default\">Advantages at a glance<\/h2>\t\t\t\t<\/div>\n\t\t\t\t<div class=\"elementor-element elementor-element-0578ccc elementor-icon-list--layout-traditional elementor-list-item-link-full_width elementor-widget elementor-widget-icon-list\" data-id=\"0578ccc\" data-element_type=\"widget\" data-e-type=\"widget\" data-widget_type=\"icon-list.default\">\n\t\t\t\t\t\t\t<ul class=\"elementor-icon-list-items\">\n\t\t\t\t\t\t\t<li class=\"elementor-icon-list-item\">\n\t\t\t\t\t\t\t\t\t\t\t<span class=\"elementor-icon-list-icon\">\n\t\t\t\t\t\t\t<svg aria-hidden=\"true\" class=\"e-font-icon-svg e-fas-check\" viewbox=\"0 0 512 512\" xmlns=\"http:\/\/www.w3.org\/2000\/svg\"><path d=\"M173.898 439.404l-166.4-166.4c-9.997-9.997-9.997-26.206 0-36.204l36.203-36.204c9.997-9.998 26.207-9.998 36.204 0L192 312.69 432.095 72.596c9.997-9.997 26.207-9.997 36.204 0l36.203 36.204c9.997 9.997 9.997 26.206 0 36.204l-294.4 294.401c-9.998 9.997-26.207 9.997-36.204-.001z\"><\/path><\/svg>\t\t\t\t\t\t<\/span>\n\t\t\t\t\t\t\t\t\t\t<span class=\"elementor-icon-list-text\">Quick check of the socket outlet earthing<\/span>\n\t\t\t\t\t\t\t\t\t<\/li>\n\t\t\t\t\t\t\t\t<li class=\"elementor-icon-list-item\">\n\t\t\t\t\t\t\t\t\t\t\t<span class=\"elementor-icon-list-icon\">\n\t\t\t\t\t\t\t<svg aria-hidden=\"true\" class=\"e-font-icon-svg e-fas-check\" viewbox=\"0 0 512 512\" xmlns=\"http:\/\/www.w3.org\/2000\/svg\"><path d=\"M173.898 439.404l-166.4-166.4c-9.997-9.997-9.997-26.206 0-36.204l36.203-36.204c9.997-9.998 26.207-9.998 36.204 0L192 312.69 432.095 72.596c9.997-9.997 26.207-9.997 36.204 0l36.203 36.204c9.997 9.997 9.997 26.206 0 36.204l-294.4 294.401c-9.998 9.997-26.207 9.997-36.204-.001z\"><\/path><\/svg>\t\t\t\t\t\t<\/span>\n\t\t\t\t\t\t\t\t\t\t<span class=\"elementor-icon-list-text\">Clear display of the test result<\/span>\n\t\t\t\t\t\t\t\t\t<\/li>\n\t\t\t\t\t\t\t\t<li class=\"elementor-icon-list-item\">\n\t\t\t\t\t\t\t\t\t\t\t<span class=\"elementor-icon-list-icon\">\n\t\t\t\t\t\t\t<svg aria-hidden=\"true\" class=\"e-font-icon-svg e-fas-check\" viewbox=\"0 0 512 512\" xmlns=\"http:\/\/www.w3.org\/2000\/svg\"><path d=\"M173.898 439.404l-166.4-166.4c-9.997-9.997-9.997-26.206 0-36.204l36.203-36.204c9.997-9.998 26.207-9.998 36.204 0L192 312.69 432.095 72.596c9.997-9.997 26.207-9.997 36.204 0l36.203 36.204c9.997 9.997 9.997 26.206 0 36.204l-294.4 294.401c-9.998 9.997-26.207 9.997-36.204-.001z\"><\/path><\/svg>\t\t\t\t\t\t<\/span>\n\t\t\t\t\t\t\t\t\t\t<span class=\"elementor-icon-list-text\">Easy to use without prior knowledge<\/span>\n\t\t\t\t\t\t\t\t\t<\/li>\n\t\t\t\t\t\t\t\t<li class=\"elementor-icon-list-item\">\n\t\t\t\t\t\t\t\t\t\t\t<span class=\"elementor-icon-list-icon\">\n\t\t\t\t\t\t\t<svg aria-hidden=\"true\" class=\"e-font-icon-svg e-fas-check\" viewbox=\"0 0 512 512\" xmlns=\"http:\/\/www.w3.org\/2000\/svg\"><path d=\"M173.898 439.404l-166.4-166.4c-9.997-9.997-9.997-26.206 0-36.204l36.203-36.204c9.997-9.998 26.207-9.998 36.204 0L192 312.69 432.095 72.596c9.997-9.997 26.207-9.997 36.204 0l36.203 36.204c9.997 9.997 9.997 26.206 0 36.204l-294.4 294.401c-9.998 9.997-26.207 9.997-36.204-.001z\"><\/path><\/svg>\t\t\t\t\t\t<\/span>\n\t\t\t\t\t\t\t\t\t\t<span class=\"elementor-icon-list-text\"> Greater safety when using earthing products<\/span>\n\t\t\t\t\t\t\t\t\t<\/li>\n\t\t\t\t\t\t<\/ul>\n\t\t\t\t\t\t<\/div>\n\t\t\t\t\t<\/div>\n\t\t\t\t<\/div>\n\t\t\t\t<\/div>","protected":false},"excerpt":{"rendered":"<p><span class=\"BZ_Pyq_fadeIn\">With <\/span><span class=\"BZ_Pyq_fadeIn\">the <\/span><span class=\"BZ_Pyq_fadeIn\">Earthing checker <\/span><span class=\"BZ_Pyq_fadeIn\">check <\/span><span class=\"BZ_Pyq_fadeIn\">You <\/span><span class=\"BZ_Pyq_fadeIn\">in <\/span><span class=\"BZ_Pyq_fadeIn\">few <\/span><span class=\"BZ_Pyq_fadeIn\">Seconds, <\/span><span class=\"BZ_Pyq_fadeIn\">whether <\/span><span class=\"BZ_Pyq_fadeIn\">Your <\/span><span class=\"BZ_Pyq_fadeIn\">Socket <\/span><span class=\"BZ_Pyq_fadeIn\">correct <\/span><span class=\"BZ_Pyq_fadeIn\">earthed <\/span><span class=\"BZ_Pyq_fadeIn\">is. <\/span><span class=\"BZ_Pyq_fadeIn\">So <\/span><span class=\"BZ_Pyq_fadeIn\">can <\/span><span class=\"BZ_Pyq_fadeIn\">You <\/span><span class=\"BZ_Pyq_fadeIn\">safe <\/span><span class=\"BZ_Pyq_fadeIn\">be, <\/span><span class=\"BZ_Pyq_fadeIn\">that <\/span><span class=\"BZ_Pyq_fadeIn\">Your <\/span><span class=\"BZ_Pyq_fadeIn\">Earthing products <\/span><span class=\"BZ_Pyq_fadeIn\">like <\/span><span class=\"BZ_Pyq_fadeIn\">Fixed sheets, <\/span><span class=\"BZ_Pyq_fadeIn\">Earthing mats <\/span><span class=\"BZ_Pyq_fadeIn\">or <\/span><span class=\"BZ_Pyq_fadeIn\">Mattress toppers <\/span><span class=\"BZ_Pyq_fadeIn\">right <\/span><span class=\"BZ_Pyq_fadeIn\">function.<\/span><\/p>","protected":false},"featured_media":6702,"comment_status":"closed","ping_status":"closed","template":"","meta":{"_seopress_robots_primary_cat":"none","_seopress_titles_title":"Erdungs-Checker \u2013 Erdung der Steckdose einfach pr\u00fcfen","_seopress_titles_desc":"EErdungs-Checker f\u00fcr Steckdosen. Pr\u00fcfen Sie in Sekunden, ob Ihre Steckdose richtig geerdet ist. Ideal f\u00fcr Erdungs-Fixleint\u00fccher und Erdungsmatten.","_seopress_robots_index":""},"product_brand":[],"product_cat":[63],"product_tag":[],"class_list":{"0":"post-6700","1":"product","2":"type-product","3":"status-publish","4":"has-post-thumbnail","6":"product_cat-erdungsprodukte-schweiz","8":"first","9":"instock","10":"shipping-taxable","11":"purchasable","12":"product-type-simple"},"_links":{"self":[{"href":"https:\/\/www.erdvital.ch\/en\/wp-json\/wp\/v2\/product\/6700","targetHints":{"allow":["GET"]}}],"collection":[{"href":"https:\/\/www.erdvital.ch\/en\/wp-json\/wp\/v2\/product"}],"about":[{"href":"https:\/\/www.erdvital.ch\/en\/wp-json\/wp\/v2\/types\/product"}],"replies":[{"embeddable":true,"href":"https:\/\/www.erdvital.ch\/en\/wp-json\/wp\/v2\/comments?post=6700"}],"version-history":[{"count":10,"href":"https:\/\/www.erdvital.ch\/en\/wp-json\/wp\/v2\/product\/6700\/revisions"}],"predecessor-version":[{"id":7484,"href":"https:\/\/www.erdvital.ch\/en\/wp-json\/wp\/v2\/product\/6700\/revisions\/7484"}],"wp:featuredmedia":[{"embeddable":true,"href":"https:\/\/www.erdvital.ch\/en\/wp-json\/wp\/v2\/media\/6702"}],"wp:attachment":[{"href":"https:\/\/www.erdvital.ch\/en\/wp-json\/wp\/v2\/media?parent=6700"}],"wp:term":[{"taxonomy":"product_brand","embeddable":true,"href":"https:\/\/www.erdvital.ch\/en\/wp-json\/wp\/v2\/product_brand?post=6700"},{"taxonomy":"product_cat","embeddable":true,"href":"https:\/\/www.erdvital.ch\/en\/wp-json\/wp\/v2\/product_cat?post=6700"},{"taxonomy":"product_tag","embeddable":true,"href":"https:\/\/www.erdvital.ch\/en\/wp-json\/wp\/v2\/product_tag?post=6700"}],"curies":[{"name":"wp","href":"https:\/\/api.w.org\/{rel}","templated":true}]}}