{"id":1989,"date":"2023-01-26T10:07:16","date_gmt":"2023-01-26T09:07:16","guid":{"rendered":"https:\/\/erdvital.aretis-staging.ch\/?page_id=1989"},"modified":"2026-02-18T12:25:38","modified_gmt":"2026-02-18T11:25:38","slug":"mentions-legales","status":"publish","type":"page","link":"https:\/\/www.erdvital.ch\/fr\/impressum\/","title":{"rendered":"Mentions l\u00e9gales"},"content":{"rendered":"<div data-elementor-type=\"wp-page\" data-elementor-id=\"1989\" class=\"elementor elementor-1989\" data-elementor-post-type=\"page\">\n\t\t\t\t<div class=\"elementor-element elementor-element-3895b54 e-flex e-con-boxed e-con e-parent\" data-id=\"3895b54\" data-element_type=\"container\" data-e-type=\"container\" data-settings=\"{&quot;background_background&quot;:&quot;classic&quot;}\">\n\t\t\t\t\t<div class=\"e-con-inner\">\n\t\t<div class=\"elementor-element elementor-element-4edd4f6 e-con-full e-flex e-con e-child\" data-id=\"4edd4f6\" data-element_type=\"container\" data-e-type=\"container\" data-settings=\"{&quot;background_background&quot;:&quot;classic&quot;}\">\n\t\t\t\t<div class=\"elementor-element elementor-element-bc16419 elementor-widget elementor-widget-heading\" data-id=\"bc16419\" data-element_type=\"widget\" data-e-type=\"widget\" data-widget_type=\"heading.default\">\n\t\t\t\t\t<h2 class=\"elementor-heading-title elementor-size-default\">ErdVital Scherer<\/h2>\t\t\t\t<\/div>\n\t\t\t\t<div class=\"elementor-element elementor-element-c44ebc6 elementor-widget elementor-widget-heading\" data-id=\"c44ebc6\" data-element_type=\"widget\" data-e-type=\"widget\" data-widget_type=\"heading.default\">\n\t\t\t\t\t<h1 class=\"elementor-heading-title elementor-size-default\">Mentions l\u00e9gales<\/h1>\t\t\t\t<\/div>\n\t\t\t\t<\/div>\n\t\t\t\t\t<\/div>\n\t\t\t\t<\/div>\n\t\t<div class=\"elementor-element elementor-element-4f28d8e e-flex e-con-boxed e-con e-parent\" data-id=\"4f28d8e\" data-element_type=\"container\" data-e-type=\"container\" data-settings=\"{&quot;background_background&quot;:&quot;classic&quot;}\">\n\t\t\t\t\t<div class=\"e-con-inner\">\n\t\t<div class=\"elementor-element elementor-element-8ba5001 e-con-full e-flex e-con e-child\" data-id=\"8ba5001\" data-element_type=\"container\" data-e-type=\"container\">\n\t\t<div class=\"elementor-element elementor-element-bf38d01 e-con-full e-flex e-con e-child\" data-id=\"bf38d01\" data-element_type=\"container\" data-e-type=\"container\">\n\t\t<div class=\"elementor-element elementor-element-b6082a4 e-con-full e-flex e-con e-child\" data-id=\"b6082a4\" data-element_type=\"container\" data-e-type=\"container\">\n\t\t\t\t<div class=\"elementor-element elementor-element-f81428f elementor-widget elementor-widget-text-editor\" data-id=\"f81428f\" data-element_type=\"widget\" data-e-type=\"widget\" data-widget_type=\"text-editor.default\">\n\t\t\t\t\t\t\t\t\t<h4>Adresse de contact<\/h4><p><strong>TerreVital<br \/>Propri\u00e9taire Daniela Scherer<br \/><\/strong>Lanzacker 6<br \/>6286 Altwis<br \/>Suisse<\/p><p>T\u00e9l\u00e9phone : <a href=\"tel:+41419175522\">079 271 55 22<\/a><br \/>ou <a href=\"tel:+41799133336\">079 913 33 36<\/a><\/p><p>Courrier \u00e9lectronique : <a href=\"mailto:info@erdvital.ch\">info@erdvital.ch<\/a><\/p><h4>Personnes autoris\u00e9es \u00e0 repr\u00e9senter l'association<\/h4><p>Daniela Scherer, directrice g\u00e9n\u00e9rale<\/p><h4>Inscription au registre du commerce<\/h4><p>Entreprise individuelle sans inscription<br \/>ErdVital n'est pas assujetti \u00e0 la TVA<\/p><h4>R\u00e9alisation web<\/h4><p>Conseil, conception technique, design, programmation et h\u00e9bergement de ce site web :<\/p><p>aretis\u00ae Agence web<br \/>Place f\u00e9d\u00e9rale 10<br \/>6003 Lucerne<br \/>41 41 227 20 40<\/p><p><a href=\"https:\/\/www.aretis.ch\/leistungen\/webdesign-luzern\/\">aretis\u00ae Agence web &amp; design web<\/a><\/p><h4>S\u00e9ance photo<\/h4><p>Photos dans le cadre de la s\u00e9ance photo ainsi que r\u00e9alisation de films :<\/p><p><a href=\"https:\/\/www.grether-photography.com\" target=\"_blank\" rel=\"noopener\">Laurin Grether Photography - Photographe d'affaires &amp; portraits<\/a><\/p>\t\t\t\t\t\t\t\t<\/div>\n\t\t\t\t<\/div>\n\t\t<div class=\"elementor-element elementor-element-21145ea e-con-full e-flex e-con e-child\" data-id=\"21145ea\" data-element_type=\"container\" data-e-type=\"container\">\n\t\t\t\t<div class=\"elementor-element elementor-element-9e53b29 elementor-widget elementor-widget-text-editor\" data-id=\"9e53b29\" data-element_type=\"widget\" data-e-type=\"widget\" data-widget_type=\"text-editor.default\">\n\t\t\t\t\t\t\t\t\t<h4>Clause de non-responsabilit\u00e9<\/h4><p>L'auteur n'assume aucune responsabilit\u00e9 quant \u00e0 l'exactitude, la pr\u00e9cision, l'actualit\u00e9, la fiabilit\u00e9 et l'exhaustivit\u00e9 du contenu des informations. L'auteur ne saurait \u00eatre tenu pour responsable des dommages mat\u00e9riels ou immat\u00e9riels qui pourraient \u00eatre caus\u00e9s par l'acc\u00e8s aux informations diffus\u00e9es ou par leur utilisation ou non-utilisation, par le mauvais usage de la connexion ou par des probl\u00e8mes techniques. Toutes les offres sont sans engagement. L'auteur se r\u00e9serve express\u00e9ment le droit de modifier, de compl\u00e9ter ou de supprimer des parties de pages ou l'ensemble de l'offre sans avis pr\u00e9alable, ou d'en suspendre temporairement ou d\u00e9finitivement la publication.<\/p><h4>Responsabilit\u00e9 pour les liens<\/h4><p>Les renvois et liens vers des sites web de tiers ne rel\u00e8vent pas de notre responsabilit\u00e9. Nous d\u00e9clinons toute responsabilit\u00e9 pour de tels sites web. L'acc\u00e8s \u00e0 de tels sites et leur utilisation se font aux risques et p\u00e9rils de l'utilisateur ou de l'utilisatrice.<\/p><h4>Droits d'auteur<\/h4><p>Les droits d'auteur et tous les autres droits sur les contenus, les images, les photos ou les autres fichiers du site web appartiennent exclusivement \u00e0 ErdVital Scherer ou aux titulaires de droits sp\u00e9cialement cit\u00e9s. Pour la reproduction de tout \u00e9l\u00e9ment, l'accord \u00e9crit des d\u00e9tenteurs des droits d'auteur doit \u00eatre obtenu au pr\u00e9alable.<\/p><h4>Protection des donn\u00e9es<\/h4><p>ErdVital Scherer respecte la loi actuelle sur la protection des donn\u00e9es. Veuillez consulter notre <a href=\"https:\/\/www.erdvital.ch\/fr\/protection-des-donnees\/\">Politique de confidentialit\u00e9 -&gt;<\/a><\/p>\t\t\t\t\t\t\t\t<\/div>\n\t\t\t\t<\/div>\n\t\t\t\t<\/div>\n\t\t\t\t<\/div>\n\t\t\t\t\t<\/div>\n\t\t\t\t<\/div>\n\t\t\t\t<\/div>","protected":false},"excerpt":{"rendered":"<p>ErdVital Scherer Impressum Kontaktadresse ErdVitalInhaberin Daniela SchererLanzacker 66286 AltwisSchweiz Telefon: 079 271 55 22oder 079 913 33 36 E-Mail: info@erdvital.ch Vertretungsberechtigte Personen Daniela Scherer, Gesch\u00e4ftsf\u00fchrerin Handelsregistereintrag Einzelfirma ohne EintragErdVital ist nicht MwSt-pflichtig Webrealisation Beratung, technisches Konzept, Design, Programmierung und Hosting dieser Website: aretis\u00ae WebagenturBundesplatz 106003 LuzernTel. +41 41 227 20 40 aretis\u00ae Webagentur &amp; Webdesign [&hellip;]<\/p>\n","protected":false},"author":1,"featured_media":0,"parent":0,"menu_order":9,"comment_status":"closed","ping_status":"closed","template":"","meta":{"_seopress_robots_primary_cat":"","_seopress_titles_title":"","_seopress_titles_desc":"","_seopress_robots_index":"","footnotes":""},"folder":[],"class_list":["post-1989","page","type-page","status-publish","hentry"],"_links":{"self":[{"href":"https:\/\/www.erdvital.ch\/fr\/wp-json\/wp\/v2\/pages\/1989","targetHints":{"allow":["GET"]}}],"collection":[{"href":"https:\/\/www.erdvital.ch\/fr\/wp-json\/wp\/v2\/pages"}],"about":[{"href":"https:\/\/www.erdvital.ch\/fr\/wp-json\/wp\/v2\/types\/page"}],"author":[{"embeddable":true,"href":"https:\/\/www.erdvital.ch\/fr\/wp-json\/wp\/v2\/users\/1"}],"replies":[{"embeddable":true,"href":"https:\/\/www.erdvital.ch\/fr\/wp-json\/wp\/v2\/comments?post=1989"}],"version-history":[{"count":10,"href":"https:\/\/www.erdvital.ch\/fr\/wp-json\/wp\/v2\/pages\/1989\/revisions"}],"predecessor-version":[{"id":7102,"href":"https:\/\/www.erdvital.ch\/fr\/wp-json\/wp\/v2\/pages\/1989\/revisions\/7102"}],"wp:attachment":[{"href":"https:\/\/www.erdvital.ch\/fr\/wp-json\/wp\/v2\/media?parent=1989"}],"wp:term":[{"taxonomy":"folder","embeddable":true,"href":"https:\/\/www.erdvital.ch\/fr\/wp-json\/wp\/v2\/folder?post=1989"}],"curies":[{"name":"wp","href":"https:\/\/api.w.org\/{rel}","templated":true}]}}