{"id":5665,"date":"2026-01-12T09:43:58","date_gmt":"2026-01-12T08:43:58","guid":{"rendered":"https:\/\/erdvital.aretis-staging.ch\/?page_id=5665"},"modified":"2026-02-25T16:15:56","modified_gmt":"2026-02-25T15:15:56","slug":"comment-ca-marche","status":"publish","type":"page","link":"https:\/\/www.erdvital.ch\/fr\/so-funktionierts\/","title":{"rendered":"So funktioniert&#8217;s"},"content":{"rendered":"<div data-elementor-type=\"wp-page\" data-elementor-id=\"5665\" class=\"elementor elementor-5665\" data-elementor-post-type=\"page\">\n\t\t\t\t<div class=\"elementor-element elementor-element-1ce72ab e-flex e-con-boxed e-con e-parent\" data-id=\"1ce72ab\" data-element_type=\"container\" data-e-type=\"container\" data-settings=\"{&quot;background_background&quot;:&quot;classic&quot;,&quot;shape_divider_bottom&quot;:&quot;curve&quot;,&quot;shape_divider_bottom_negative&quot;:&quot;yes&quot;}\">\n\t\t\t\t\t<div class=\"e-con-inner\">\n\t\t\t\t<div class=\"elementor-shape elementor-shape-bottom\" aria-hidden=\"true\" data-negative=\"true\">\n\t\t\t<svg xmlns=\"http:\/\/www.w3.org\/2000\/svg\" viewbox=\"0 0 1000 100\" preserveaspectratio=\"none\">\n\t<path class=\"elementor-shape-fill\" d=\"M500,97C126.7,96.3,0.8,19.8,0,0v100l1000,0V1C1000,19.4,873.3,97.8,500,97z\"\/>\n<\/svg>\t\t<\/div>\n\t\t\t\t\t<\/div>\n\t\t\t\t<\/div>\n\t\t<div class=\"elementor-element elementor-element-9ee3a0f e-flex e-con-boxed e-con e-parent\" data-id=\"9ee3a0f\" data-element_type=\"container\" data-e-type=\"container\">\n\t\t\t\t\t<div class=\"e-con-inner\">\n\t\t<div class=\"elementor-element elementor-element-dbf1849 e-con-full e-flex e-con e-child\" data-id=\"dbf1849\" data-element_type=\"container\" data-e-type=\"container\" data-settings=\"{&quot;background_background&quot;:&quot;classic&quot;}\">\n\t\t\t\t<div class=\"elementor-element elementor-element-6b83217 elementor-widget elementor-widget-heading\" data-id=\"6b83217\" data-element_type=\"widget\" data-e-type=\"widget\" data-widget_type=\"heading.default\">\n\t\t\t\t\t<h2 class=\"elementor-heading-title elementor-size-default\">Les appareils \u00e9lectriques nous rechargent<\/h2>\t\t\t\t<\/div>\n\t\t\t\t<div class=\"elementor-element elementor-element-18fd3fa elementor-widget elementor-widget-heading\" data-id=\"18fd3fa\" data-element_type=\"widget\" data-e-type=\"widget\" data-widget_type=\"heading.default\">\n\t\t\t\t\t<h1 class=\"elementor-heading-title elementor-size-default\">Voici comment fonctionne la mise \u00e0 la terre avec nos produits de mise \u00e0 la terre<\/h1>\t\t\t\t<\/div>\n\t\t\t\t<div class=\"elementor-element elementor-element-e0fe525 elementor-widget elementor-widget-text-editor\" data-id=\"e0fe525\" data-element_type=\"widget\" data-e-type=\"widget\" data-widget_type=\"text-editor.default\">\n\t\t\t\t\t\t\t\t\tNous vous montrons dans ces vid\u00e9os comment fonctionne la mise \u00e0 la terre avec nos produits : La tension \u00e9lectrique sur votre corps est \u00e9vacu\u00e9e, vous vous sentez lib\u00e9r\u00e9 et vous n'\u00eates plus \u00absous tension\u00bb.\t\t\t\t\t\t\t\t<\/div>\n\t\t\t\t<\/div>\n\t\t<div class=\"elementor-element elementor-element-40acbe6 e-con-full e-flex e-con e-child\" data-id=\"40acbe6\" data-element_type=\"container\" data-e-type=\"container\" data-settings=\"{&quot;background_background&quot;:&quot;classic&quot;}\">\n\t\t\t\t<\/div>\n\t\t\t\t\t<\/div>\n\t\t\t\t<\/div>\n\t\t<div class=\"elementor-element elementor-element-1acc99f e-flex e-con-boxed e-con e-parent\" data-id=\"1acc99f\" data-element_type=\"container\" data-e-type=\"container\" data-settings=\"{&quot;background_background&quot;:&quot;classic&quot;}\">\n\t\t\t\t\t<div class=\"e-con-inner\">\n\t\t<div class=\"elementor-element elementor-element-a5ad108 e-con-full e-flex e-con e-child\" data-id=\"a5ad108\" data-element_type=\"container\" data-e-type=\"container\">\n\t\t\t\t<div class=\"elementor-element elementor-element-87d6e85 elementor-widget elementor-widget-heading\" data-id=\"87d6e85\" data-element_type=\"widget\" data-e-type=\"widget\" data-widget_type=\"heading.default\">\n\t\t\t\t\t<h2 class=\"elementor-heading-title elementor-size-default\">Mise \u00e0 la terre du sous-main <\/h2>\t\t\t\t<\/div>\n\t\t\t\t<div class=\"elementor-element elementor-element-06e4344 elementor-widget elementor-widget-text-editor\" data-id=\"06e4344\" data-element_type=\"widget\" data-e-type=\"widget\" data-widget_type=\"text-editor.default\">\n\t\t\t\t\t\t\t\t\tLorsque nous travaillons sur un ordinateur, notre corps est charg\u00e9 d'\u00e9lectricit\u00e9 statique. La vid\u00e9o montre comment un collaborateur d'ErdVital mesure la tension avec ce qu'on appelle un multim\u00e8tre.\t\t\t\t\t\t\t\t<\/div>\n\t\t\t\t<div class=\"elementor-element elementor-element-630e79a elementor-icon-list--layout-traditional elementor-list-item-link-full_width elementor-widget elementor-widget-icon-list\" data-id=\"630e79a\" data-element_type=\"widget\" data-e-type=\"widget\" data-widget_type=\"icon-list.default\">\n\t\t\t\t\t\t\t<ul class=\"elementor-icon-list-items\">\n\t\t\t\t\t\t\t<li class=\"elementor-icon-list-item\">\n\t\t\t\t\t\t\t\t\t\t\t<span class=\"elementor-icon-list-icon\">\n\t\t\t\t\t\t\t<svg aria-hidden=\"true\" class=\"e-font-icon-svg e-fas-chevron-right\" viewbox=\"0 0 320 512\" xmlns=\"http:\/\/www.w3.org\/2000\/svg\"><path d=\"M285.476 272.971L91.132 467.314c-9.373 9.373-24.569 9.373-33.941 0l-22.667-22.667c-9.357-9.357-9.375-24.522-.04-33.901L188.505 256 34.484 101.255c-9.335-9.379-9.317-24.544.04-33.901l22.667-22.667c9.373-9.373 24.569-9.373 33.941 0L285.475 239.03c9.373 9.372 9.373 24.568.001 33.941z\"><\/path><\/svg>\t\t\t\t\t\t<\/span>\n\t\t\t\t\t\t\t\t\t\t<span class=\"elementor-icon-list-text\">D\u00e8s que vos mains ou vos bras touchent notre tapis de bureau sp\u00e9cial de mise \u00e0 la terre, la charge de votre corps dispara\u00eet presque compl\u00e8tement. <\/span>\n\t\t\t\t\t\t\t\t\t<\/li>\n\t\t\t\t\t\t\t\t<li class=\"elementor-icon-list-item\">\n\t\t\t\t\t\t\t\t\t\t\t<span class=\"elementor-icon-list-icon\">\n\t\t\t\t\t\t\t<svg aria-hidden=\"true\" class=\"e-font-icon-svg e-fas-chevron-right\" viewbox=\"0 0 320 512\" xmlns=\"http:\/\/www.w3.org\/2000\/svg\"><path d=\"M285.476 272.971L91.132 467.314c-9.373 9.373-24.569 9.373-33.941 0l-22.667-22.667c-9.357-9.357-9.375-24.522-.04-33.901L188.505 256 34.484 101.255c-9.335-9.379-9.317-24.544.04-33.901l22.667-22.667c9.373-9.373 24.569-9.373 33.941 0L285.475 239.03c9.373 9.372 9.373 24.568.001 33.941z\"><\/path><\/svg>\t\t\t\t\t\t<\/span>\n\t\t\t\t\t\t\t\t\t\t<span class=\"elementor-icon-list-text\">Le voltm\u00e8tre disponible dans notre boutique indique tr\u00e8s bien cette tension (les 3800 millivolts sur le corps se r\u00e9duisent \u00e0 environ 30 millivolts).<\/span>\n\t\t\t\t\t\t\t\t\t<\/li>\n\t\t\t\t\t\t<\/ul>\n\t\t\t\t\t\t<\/div>\n\t\t\t\t<div class=\"elementor-element elementor-element-2551e64 elementor-widget elementor-widget-text-editor\" data-id=\"2551e64\" data-element_type=\"widget\" data-e-type=\"widget\" data-widget_type=\"text-editor.default\">\n\t\t\t\t\t\t\t\t\tCela ne fonctionne que parce que notre tapis de mise \u00e0 la terre est reli\u00e9 par un c\u00e2ble \u00e0 une prise de courant normale reli\u00e9e \u00e0 la terre. Elle dissipe la tension \u00e9lectrostatique. C'est un processus physique simple. Le corps est ainsi moins sollicit\u00e9, ce qui a des effets positifs sur la sant\u00e9.\t\t\t\t\t\t\t\t<\/div>\n\t\t\t\t<div class=\"elementor-element elementor-element-5ff828c elementor-widget elementor-widget-button\" data-id=\"5ff828c\" data-element_type=\"widget\" data-e-type=\"widget\" data-widget_type=\"button.default\">\n\t\t\t\t\t\t\t\t\t\t<a class=\"elementor-button elementor-button-link elementor-size-sm\" href=\"https:\/\/www.erdvital.ch\/fr\/product\/schreibunterlage\/\">\n\t\t\t\t\t\t<span class=\"elementor-button-content-wrapper\">\n\t\t\t\t\t\t\t\t\t<span class=\"elementor-button-text\">vers le produit<\/span>\n\t\t\t\t\t<\/span>\n\t\t\t\t\t<\/a>\n\t\t\t\t\t\t\t\t<\/div>\n\t\t\t\t<\/div>\n\t\t<div class=\"elementor-element elementor-element-d87b267 e-con-full e-flex elementor-invisible e-con e-child\" data-id=\"d87b267\" data-element_type=\"container\" data-e-type=\"container\" data-settings=\"{&quot;background_background&quot;:&quot;video&quot;,&quot;background_play_on_mobile&quot;:&quot;yes&quot;,&quot;animation&quot;:&quot;fadeInLeft&quot;}\">\n\t\t\t\t<div class=\"elementor-element elementor-element-1cb1838 elementor-widget elementor-widget-video\" data-id=\"1cb1838\" data-element_type=\"widget\" data-e-type=\"widget\" data-settings=\"{&quot;video_type&quot;:&quot;hosted&quot;,&quot;controls&quot;:&quot;yes&quot;}\" data-widget_type=\"video.default\">\n\t\t\t\t\t\t\t<div class=\"e-hosted-video elementor-wrapper elementor-open-inline\">\n\t\t\t\t\t<video class=\"elementor-video\" src=\"https:\/\/vz-efa8298d-741.b-cdn.net\/59d37986-2e1f-471b-b094-ca8172620d85\/playlist.m3u8\" controls=\"\" preload=\"metadata\" controlslist=\"nodownload\"><\/video>\n\t\t\t\t<\/div>\n\t\t\t\t\t\t<\/div>\n\t\t\t\t<\/div>\n\t\t\t\t\t<\/div>\n\t\t\t\t<\/div>\n\t\t<div class=\"elementor-element elementor-element-193097e e-flex e-con-boxed e-con e-parent\" data-id=\"193097e\" data-element_type=\"container\" data-e-type=\"container\" data-settings=\"{&quot;background_background&quot;:&quot;classic&quot;}\">\n\t\t\t\t\t<div class=\"e-con-inner\">\n\t\t<div class=\"elementor-element elementor-element-e12ac96 e-con-full e-flex e-con e-child\" data-id=\"e12ac96\" data-element_type=\"container\" data-e-type=\"container\">\n\t\t\t\t<div class=\"elementor-element elementor-element-d8c5a4b elementor-widget elementor-widget-heading\" data-id=\"d8c5a4b\" data-element_type=\"widget\" data-e-type=\"widget\" data-widget_type=\"heading.default\">\n\t\t\t\t\t<h2 class=\"elementor-heading-title elementor-size-default\">Mise \u00e0 la terre du matelas\n\n<\/h2>\t\t\t\t<\/div>\n\t\t\t\t<div class=\"elementor-element elementor-element-c96af89 elementor-widget elementor-widget-text-editor\" data-id=\"c96af89\" data-element_type=\"widget\" data-e-type=\"widget\" data-widget_type=\"text-editor.default\">\n\t\t\t\t\t\t\t\t\tNotre corps est \u00e9galement charg\u00e9 \u00e9lectriquement la nuit lorsque nous dormons. Un drap-housse mis \u00e0 la terre avec une taie d'oreiller r\u00e9duit la tension du corps et favorise un sommeil r\u00e9parateur. La vid\u00e9o montre le test avec le multim\u00e8tre disponible dans notre boutique : \n\t\t\t\t\t\t\t\t<\/div>\n\t\t\t\t<div class=\"elementor-element elementor-element-93edb8c elementor-icon-list--layout-traditional elementor-list-item-link-full_width elementor-widget elementor-widget-icon-list\" data-id=\"93edb8c\" data-element_type=\"widget\" data-e-type=\"widget\" data-widget_type=\"icon-list.default\">\n\t\t\t\t\t\t\t<ul class=\"elementor-icon-list-items\">\n\t\t\t\t\t\t\t<li class=\"elementor-icon-list-item\">\n\t\t\t\t\t\t\t\t\t\t\t<span class=\"elementor-icon-list-icon\">\n\t\t\t\t\t\t\t<svg aria-hidden=\"true\" class=\"e-font-icon-svg e-fas-chevron-right\" viewbox=\"0 0 320 512\" xmlns=\"http:\/\/www.w3.org\/2000\/svg\"><path d=\"M285.476 272.971L91.132 467.314c-9.373 9.373-24.569 9.373-33.941 0l-22.667-22.667c-9.357-9.357-9.375-24.522-.04-33.901L188.505 256 34.484 101.255c-9.335-9.379-9.317-24.544.04-33.901l22.667-22.667c9.373-9.373 24.569-9.373 33.941 0L285.475 239.03c9.373 9.372 9.373 24.568.001 33.941z\"><\/path><\/svg>\t\t\t\t\t\t<\/span>\n\t\t\t\t\t\t\t\t\t\t<span class=\"elementor-icon-list-text\">Sans mise \u00e0 la terre, la tension reste \u00e9lev\u00e9e, avec mise \u00e0 la terre, il est prouv\u00e9 qu'elle baisse imm\u00e9diatement.<\/span>\n\t\t\t\t\t\t\t\t\t<\/li>\n\t\t\t\t\t\t\t\t<li class=\"elementor-icon-list-item\">\n\t\t\t\t\t\t\t\t\t\t\t<span class=\"elementor-icon-list-icon\">\n\t\t\t\t\t\t\t<svg aria-hidden=\"true\" class=\"e-font-icon-svg e-fas-chevron-right\" viewbox=\"0 0 320 512\" xmlns=\"http:\/\/www.w3.org\/2000\/svg\"><path d=\"M285.476 272.971L91.132 467.314c-9.373 9.373-24.569 9.373-33.941 0l-22.667-22.667c-9.357-9.357-9.375-24.522-.04-33.901L188.505 256 34.484 101.255c-9.335-9.379-9.317-24.544.04-33.901l22.667-22.667c9.373-9.373 24.569-9.373 33.941 0L285.475 239.03c9.373 9.372 9.373 24.568.001 33.941z\"><\/path><\/svg>\t\t\t\t\t\t<\/span>\n\t\t\t\t\t\t\t\t\t\t<span class=\"elementor-icon-list-text\">Le voltm\u00e8tre l'indique tr\u00e8s bien (3800 millivolts). Une valeur tr\u00e8s \u00e9lev\u00e9e qui peut nuire au sommeil. <\/span>\n\t\t\t\t\t\t\t\t\t<\/li>\n\t\t\t\t\t\t<\/ul>\n\t\t\t\t\t\t<\/div>\n\t\t\t\t<div class=\"elementor-element elementor-element-96899cf elementor-widget elementor-widget-text-editor\" data-id=\"96899cf\" data-element_type=\"widget\" data-e-type=\"widget\" data-widget_type=\"text-editor.default\">\n\t\t\t\t\t\t\t\t\t<p>Le lit de la vid\u00e9o est recouvert de notre drap-housse sp\u00e9cial pour la mise \u00e0 la terre. D\u00e8s que l'on s'assoit ou s'allonge sur le lit, la tension \u00e9lectrostatique dispara\u00eet : le voltm\u00e8tre descend pratiquement en dessous de 50 millivolts. Le drap-housse est reli\u00e9 par un c\u00e2ble \u00e0 une prise de courant normale avec mise \u00e0 la terre et dissipe la tension \u00e9lectrostatique.<\/p>\t\t\t\t\t\t\t\t<\/div>\n\t\t\t\t<div class=\"elementor-element elementor-element-addf498 elementor-widget elementor-widget-button\" data-id=\"addf498\" data-element_type=\"widget\" data-e-type=\"widget\" data-widget_type=\"button.default\">\n\t\t\t\t\t\t\t\t\t\t<a class=\"elementor-button elementor-button-link elementor-size-sm\" href=\"https:\/\/www.erdvital.ch\/fr\/product\/erdvital-erdungsmatratzenauflage\/\">\n\t\t\t\t\t\t<span class=\"elementor-button-content-wrapper\">\n\t\t\t\t\t\t\t\t\t<span class=\"elementor-button-text\">vers le produit<\/span>\n\t\t\t\t\t<\/span>\n\t\t\t\t\t<\/a>\n\t\t\t\t\t\t\t\t<\/div>\n\t\t\t\t<\/div>\n\t\t<div class=\"elementor-element elementor-element-9e066c9 e-con-full e-flex elementor-invisible e-con e-child\" data-id=\"9e066c9\" data-element_type=\"container\" data-e-type=\"container\" data-settings=\"{&quot;background_background&quot;:&quot;video&quot;,&quot;background_play_on_mobile&quot;:&quot;yes&quot;,&quot;animation&quot;:&quot;fadeInRight&quot;}\">\n\t\t\t\t<div class=\"elementor-element elementor-element-aa99b35 elementor-widget elementor-widget-video\" data-id=\"aa99b35\" data-element_type=\"widget\" data-e-type=\"widget\" data-settings=\"{&quot;video_type&quot;:&quot;hosted&quot;,&quot;controls&quot;:&quot;yes&quot;}\" data-widget_type=\"video.default\">\n\t\t\t\t\t\t\t<div class=\"e-hosted-video elementor-wrapper elementor-open-inline\">\n\t\t\t\t\t<video class=\"elementor-video\" src=\"https:\/\/vz-efa8298d-741.b-cdn.net\/02a54814-960d-4449-b514-a0ddbca43905\/playlist.m3u8\" controls=\"\" preload=\"metadata\" controlslist=\"nodownload\"><\/video>\n\t\t\t\t<\/div>\n\t\t\t\t\t\t<\/div>\n\t\t\t\t<\/div>\n\t\t\t\t\t<\/div>\n\t\t\t\t<\/div>\n\t\t<div class=\"elementor-element elementor-element-56c5998 e-flex e-con-boxed e-con e-parent\" data-id=\"56c5998\" data-element_type=\"container\" data-e-type=\"container\" data-settings=\"{&quot;background_background&quot;:&quot;classic&quot;}\">\n\t\t\t\t\t<div class=\"e-con-inner\">\n\t\t<div class=\"elementor-element elementor-element-6496d41 e-con-full e-flex e-con e-child\" data-id=\"6496d41\" data-element_type=\"container\" data-e-type=\"container\" data-settings=\"{&quot;background_background&quot;:&quot;classic&quot;,&quot;animation&quot;:&quot;none&quot;}\">\n\t\t\t\t<div class=\"elementor-element elementor-element-0f7d9f8 elementor-view-default elementor-widget elementor-widget-icon\" data-id=\"0f7d9f8\" data-element_type=\"widget\" data-e-type=\"widget\" data-widget_type=\"icon.default\">\n\t\t\t\t\t\t\t<div class=\"elementor-icon-wrapper\">\n\t\t\t<div class=\"elementor-icon\">\n\t\t\t<svg xmlns=\"http:\/\/www.w3.org\/2000\/svg\" viewbox=\"0 0 516.27 686.93\"><g transform=\"translate(-48.04 -107.18)\"><path d=\"m107.77 312h204.8a17.07 17.07 0 0 0 17.07-17.07v-128a17.07 17.07 0 0 0 -17.07-17.07h-204.8a17.06 17.06 0 0 0 -17.06 17.07v128a17.06 17.06 0 0 0 17.06 17.07zm0-145.07h204.8v128h-204.8z\"><\/path><path d=\"m141.91 235.18a8.53 8.53 0 0 0 -8.54 8.53v25.6a8.54 8.54 0 0 0 17.07 0v-25.6a8.53 8.53 0 0 0 -8.53-8.53z\"><\/path><path d=\"m176 201a8.53 8.53 0 0 0 -8.53 8.54v59.73a8.53 8.53 0 0 0 17.06 0v-59.69a8.53 8.53 0 0 0 -8.53-8.58z\"><\/path><path d=\"m210.17 218.11a8.53 8.53 0 0 0 -8.53 8.53v42.67a8.54 8.54 0 0 0 17.07 0v-42.67a8.53 8.53 0 0 0 -8.54-8.53z\"><\/path><path d=\"m244.31 243.71a8.53 8.53 0 0 0 -8.54 8.53v17.07a8.54 8.54 0 0 0 17.07 0v-17.07a8.53 8.53 0 0 0 -8.53-8.53z\"><\/path><path d=\"m278.44 218.11a8.53 8.53 0 0 0 -8.53 8.53v42.67a8.53 8.53 0 0 0 17.06 0v-42.67a8.53 8.53 0 0 0 -8.53-8.53z\"><\/path><path d=\"m295.51 457a85.34 85.34 0 1 0 -52.68 78.84 85.32 85.32 0 0 0 52.68-78.84zm-85.34-68.26a68.24 68.24 0 0 1 65.48 87.52 242.63 242.63 0 0 1 -47.38-37.36 243.74 243.74 0 0 1 -37.36-47.39 68.21 68.21 0 0 1 19.26-2.73zm0 136.53a68.24 68.24 0 0 1 -65.47-87.53 243.32 243.32 0 0 1 47.37 37.36 243.18 243.18 0 0 1 37.37 47.4 68.64 68.64 0 0 1 -19.27 2.81zm35-9.72a259 259 0 0 0 -41-52.51 258.32 258.32 0 0 0 -52.48-41 66 66 0 0 1 23.55-23.56 259 259 0 0 0 41 52.51 258.51 258.51 0 0 0 52.49 41 66.1 66.1 0 0 1 -23.57 23.6z\"><\/path><path d=\"m201.64 346.11v8.53a8.54 8.54 0 1 0 17.07 0v-8.53a8.54 8.54 0 0 0 -17.07 0z\"><\/path><path d=\"m210.17 550.91a8.53 8.53 0 0 0 -8.53 8.53v8.56a8.54 8.54 0 0 0 17.07 0v-8.54a8.53 8.53 0 0 0 -8.54-8.55z\"><\/path><path d=\"m321.11 448.51h-8.54a8.54 8.54 0 0 0 0 17.07h8.54a8.54 8.54 0 0 0 0-17.07z\"><\/path><path d=\"m116.31 457a8.53 8.53 0 0 0 -8.54-8.53h-8.53a8.54 8.54 0 0 0 0 17.07h8.53a8.54 8.54 0 0 0 8.54-8.54z\"><\/path><path d=\"m125.79 500.82a8.53 8.53 0 0 0 -8.57 0l-7.39 4.27a8.53 8.53 0 1 0 8.53 14.78l7.39-4.27a8.53 8.53 0 0 0 0-14.81z\"><\/path><path d=\"m313.6 397.34a8.54 8.54 0 0 0 -11.6-3.15l-7.39 4.26a8.53 8.53 0 1 0 8.54 14.78l7.39-4.26a8.54 8.54 0 0 0 3.06-11.63z\"><\/path><path d=\"m154.69 352.39a8.54 8.54 0 0 0 -7.38 12.85l4.27 7.39a8.53 8.53 0 1 0 14.78-8.53l-4.27-7.39a8.55 8.55 0 0 0 -7.4-4.32z\"><\/path><path d=\"m268.76 541.46a8.53 8.53 0 1 0 -14.76 8.54l4.27 7.39a8.53 8.53 0 1 0 14.73-8.54z\"><\/path><path d=\"m310.52 505.12-7.39-4.27a8.54 8.54 0 1 0 -8.54 14.78l7.41 4.27a8.54 8.54 0 1 0 8.54-14.78z\"><\/path><path d=\"m125.75 398.45-7.39-4.26a8.53 8.53 0 0 0 -8.53 14.81l7.39 4.26a8.53 8.53 0 1 0 8.53-14.78z\"><\/path><path d=\"m265.66 352.39a8.55 8.55 0 0 0 -7.4 4.32l-4.26 7.39a8.53 8.53 0 1 0 14.78 8.53l4.27-7.39a8.54 8.54 0 0 0 -7.38-12.85z\"><\/path><path d=\"m163.24 538.33a8.54 8.54 0 0 0 -11.66 3.13l-4.26 7.39a8.53 8.53 0 1 0 14.78 8.53l4.26-7.39a8.54 8.54 0 0 0 -3.12-11.66z\"><\/path><path d=\"m538.71 734.38h-53.57a17 17 0 0 0 -14.7-8.54h-102.44a17.07 17.07 0 0 0 -17 17.07v8.53h-153.63v-132.26h25.63v46.93a8.53 8.53 0 0 0 8.54 8.53h119.46v8.54a17.06 17.06 0 0 0 17 17.06h102.4a17 17 0 0 0 14.7-8.53h53.57a25.6 25.6 0 0 0 0-51.2h-53.53a17 17 0 0 0 -14.7-8.53h-102.44a17.06 17.06 0 0 0 -17 17.02v8.54h-111v-38.4h72.53a59.81 59.81 0 0 0 59.74-59.74v-392.49a59.8 59.8 0 0 0 -59.74-59.73h-204.76a59.8 59.8 0 0 0 -59.77 59.73v392.53a59.81 59.81 0 0 0 59.73 59.74h72.54v140.82a8.53 8.53 0 0 0 8.53 8.53h162.2v8.47a17.07 17.07 0 0 0 17 17.11h102.4a17 17 0 0 0 14.7-8.53h53.57a25.6 25.6 0 0 0 0-51.2zm-51.2-76.8h51.2a8.53 8.53 0 0 1 0 17.06h-51.2zm-119.51-8.58h102.4v34.14h-102.4zm-302.89-89.56v-392.53a42.72 42.72 0 0 1 42.66-42.67h204.8a42.72 42.72 0 0 1 42.67 42.67v392.53a42.72 42.72 0 0 1 -42.67 42.67h-204.8a42.71 42.71 0 0 1 -42.66-42.67zm405.33 217.56h-102.44v-34.09h102.4zm68.27-8.53h-51.2v-17.03h51.2a8.54 8.54 0 0 1 0 17.07z\"><\/path><\/g><\/svg>\t\t\t<\/div>\n\t\t<\/div>\n\t\t\t\t\t\t<\/div>\n\t\t\t\t<div class=\"elementor-element elementor-element-1cd2da9 elementor-widget elementor-widget-heading\" data-id=\"1cd2da9\" data-element_type=\"widget\" data-e-type=\"widget\" data-widget_type=\"heading.default\">\n\t\t\t\t\t<h2 class=\"elementor-heading-title elementor-size-default\">Mesurer avec un multim\u00e8tre \/ voltm\u00e8tre\n<\/h2>\t\t\t\t<\/div>\n\t\t\t\t<div class=\"elementor-element elementor-element-ebb56bb elementor-widget elementor-widget-text-editor\" data-id=\"ebb56bb\" data-element_type=\"widget\" data-e-type=\"widget\" data-widget_type=\"text-editor.default\">\n\t\t\t\t\t\t\t\t\tL'appareil de mesure de la tension corporelle s'appelle \u00abmultim\u00e8tre\u00bb ou \u00abvoltm\u00e8tre\u00bb et fonctionne en mode AC ou DC. Le multim\u00e8tre Basetech de notre boutique indique clairement la diff\u00e9rence avant et apr\u00e8s la mise \u00e0 la terre.\t\t\t\t\t\t\t\t<\/div>\n\t\t<div class=\"elementor-element elementor-element-4c45628 e-con-full e-flex e-con e-child\" data-id=\"4c45628\" data-element_type=\"container\" data-e-type=\"container\">\n\t\t\t\t<div class=\"elementor-element elementor-element-3f20902 elementor-align-left elementor-widget elementor-widget-button\" data-id=\"3f20902\" data-element_type=\"widget\" data-e-type=\"widget\" data-widget_type=\"button.default\">\n\t\t\t\t\t\t\t\t\t\t<a class=\"elementor-button elementor-button-link elementor-size-sm\" href=\"https:\/\/www.erdvital.ch\/fr\/product\/erdungs-multimeter-koerperspannung-messen-und-erdungseffekt-sichtbar-machen\/\">\n\t\t\t\t\t\t<span class=\"elementor-button-content-wrapper\">\n\t\t\t\t\t\t\t\t\t<span class=\"elementor-button-text\">Commander<\/span>\n\t\t\t\t\t<\/span>\n\t\t\t\t\t<\/a>\n\t\t\t\t\t\t\t\t<\/div>\n\t\t\t\t<\/div>\n\t\t\t\t<\/div>\n\t\t<div class=\"elementor-element elementor-element-2e48ee3 e-con-full e-flex e-con e-child\" data-id=\"2e48ee3\" data-element_type=\"container\" data-e-type=\"container\" data-settings=\"{&quot;background_background&quot;:&quot;classic&quot;,&quot;animation&quot;:&quot;none&quot;}\">\n\t\t\t\t<div class=\"elementor-element elementor-element-42b1dd0 elementor-widget elementor-widget-gallery\" data-id=\"42b1dd0\" data-element_type=\"widget\" data-e-type=\"widget\" data-settings=\"{&quot;gallery_layout&quot;:&quot;masonry&quot;,&quot;columns&quot;:2,&quot;lazyload&quot;:&quot;yes&quot;,&quot;columns_tablet&quot;:2,&quot;columns_mobile&quot;:1,&quot;gap&quot;:{&quot;unit&quot;:&quot;px&quot;,&quot;size&quot;:10,&quot;sizes&quot;:[]},&quot;gap_laptop&quot;:{&quot;unit&quot;:&quot;px&quot;,&quot;size&quot;:10,&quot;sizes&quot;:[]},&quot;gap_tablet&quot;:{&quot;unit&quot;:&quot;px&quot;,&quot;size&quot;:10,&quot;sizes&quot;:[]},&quot;gap_mobile&quot;:{&quot;unit&quot;:&quot;px&quot;,&quot;size&quot;:10,&quot;sizes&quot;:[]},&quot;link_to&quot;:&quot;file&quot;,&quot;overlay_background&quot;:&quot;yes&quot;,&quot;content_hover_animation&quot;:&quot;fade-in&quot;}\" data-widget_type=\"gallery.default\">\n\t\t\t\t\t\t\t<div class=\"elementor-gallery__container\">\n\t\t\t\t\t\t\t<a class=\"e-gallery-item elementor-gallery-item elementor-animated-content\" href=\"https:\/\/www.erdvital.ch\/wp-content\/uploads\/2026\/01\/voltmeter1.jpg\" data-elementor-open-lightbox=\"yes\" data-elementor-lightbox-slideshow=\"42b1dd0\" data-e-action-hash=\"#elementor-action%3Aaction%3Dlightbox%26settings%3DeyJpZCI6NTcwMiwidXJsIjoiaHR0cHM6XC9cL3d3dy5lcmR2aXRhbC5jaFwvd3AtY29udGVudFwvdXBsb2Fkc1wvMjAyNlwvMDFcL3ZvbHRtZXRlcjEuanBnIiwic2xpZGVzaG93IjoiNDJiMWRkMCJ9\">\n\t\t\t\t\t<div class=\"e-gallery-image elementor-gallery-item__image\" data-thumbnail=\"https:\/\/www.erdvital.ch\/wp-content\/uploads\/2026\/01\/voltmeter1.jpg\" data-width=\"1000\" data-height=\"1600\" aria-label=\"\" role=\"img\" ><\/div>\n\t\t\t\t\t\t\t\t\t\t\t<div class=\"elementor-gallery-item__overlay\"><\/div>\n\t\t\t\t\t\t\t\t\t\t\t\t\t\t<\/a>\n\t\t\t\t\t\t\t<a class=\"e-gallery-item elementor-gallery-item elementor-animated-content\" href=\"https:\/\/www.erdvital.ch\/wp-content\/uploads\/2026\/01\/voltmeter3.jpg\" data-elementor-open-lightbox=\"yes\" data-elementor-lightbox-slideshow=\"42b1dd0\" data-e-action-hash=\"#elementor-action%3Aaction%3Dlightbox%26settings%3DeyJpZCI6NTcwMCwidXJsIjoiaHR0cHM6XC9cL3d3dy5lcmR2aXRhbC5jaFwvd3AtY29udGVudFwvdXBsb2Fkc1wvMjAyNlwvMDFcL3ZvbHRtZXRlcjMuanBnIiwic2xpZGVzaG93IjoiNDJiMWRkMCJ9\">\n\t\t\t\t\t<div class=\"e-gallery-image elementor-gallery-item__image\" data-thumbnail=\"https:\/\/www.erdvital.ch\/wp-content\/uploads\/2026\/01\/voltmeter3.jpg\" data-width=\"1500\" data-height=\"1150\" aria-label=\"\" role=\"img\" ><\/div>\n\t\t\t\t\t\t\t\t\t\t\t<div class=\"elementor-gallery-item__overlay\"><\/div>\n\t\t\t\t\t\t\t\t\t\t\t\t\t\t<\/a>\n\t\t\t\t\t\t\t<a class=\"e-gallery-item elementor-gallery-item elementor-animated-content\" href=\"https:\/\/www.erdvital.ch\/wp-content\/uploads\/2026\/01\/voltmeter2.jpg\" data-elementor-open-lightbox=\"yes\" data-elementor-lightbox-slideshow=\"42b1dd0\" data-e-action-hash=\"#elementor-action%3Aaction%3Dlightbox%26settings%3DeyJpZCI6NTcwMSwidXJsIjoiaHR0cHM6XC9cL3d3dy5lcmR2aXRhbC5jaFwvd3AtY29udGVudFwvdXBsb2Fkc1wvMjAyNlwvMDFcL3ZvbHRtZXRlcjIuanBnIiwic2xpZGVzaG93IjoiNDJiMWRkMCJ9\">\n\t\t\t\t\t<div class=\"e-gallery-image elementor-gallery-item__image\" data-thumbnail=\"https:\/\/www.erdvital.ch\/wp-content\/uploads\/2026\/01\/voltmeter2.jpg\" data-width=\"1500\" data-height=\"1220\" aria-label=\"\" role=\"img\" ><\/div>\n\t\t\t\t\t\t\t\t\t\t\t<div class=\"elementor-gallery-item__overlay\"><\/div>\n\t\t\t\t\t\t\t\t\t\t\t\t\t\t<\/a>\n\t\t\t\t\t<\/div>\n\t\t\t\t\t<\/div>\n\t\t\t\t<\/div>\n\t\t\t\t\t<\/div>\n\t\t\t\t<\/div>\n\t\t\t\t<\/div>","protected":false},"excerpt":{"rendered":"<p>Elektrische Ger\u00e4te laden uns auf So funktioniert die Erdung mit unseren Erdungsprodukten Wir zeigen Ihnen in diesen Videos, wie die Erdung mit unseren Produkten funktioniert: Die elektrische Spannung auf Ihrem K\u00f6rper wird abgeleitet, Sie f\u00fchlen sich befreit und stehen nicht mehr \u00abunter Strom\u00bb. Erden der Schreibtischunterlage Wenn wir am Computer arbeiten, ist unser K\u00f6rper elektrostatisch [&hellip;]<\/p>\n","protected":false},"author":2,"featured_media":0,"parent":0,"menu_order":1,"comment_status":"closed","ping_status":"closed","template":"","meta":{"_seopress_robots_primary_cat":"","_seopress_titles_title":"So funktioniert die Erdung mit unseren Erdungsprodukten","_seopress_titles_desc":"In den Videos sehen Sie anschaulich, wie Sie im Bett oder am Schreibtisch die Erdung anbringen. Und sich von elektrischer Spannung befreien.","_seopress_robots_index":"","footnotes":""},"folder":[],"class_list":["post-5665","page","type-page","status-publish","hentry"],"_links":{"self":[{"href":"https:\/\/www.erdvital.ch\/fr\/wp-json\/wp\/v2\/pages\/5665","targetHints":{"allow":["GET"]}}],"collection":[{"href":"https:\/\/www.erdvital.ch\/fr\/wp-json\/wp\/v2\/pages"}],"about":[{"href":"https:\/\/www.erdvital.ch\/fr\/wp-json\/wp\/v2\/types\/page"}],"author":[{"embeddable":true,"href":"https:\/\/www.erdvital.ch\/fr\/wp-json\/wp\/v2\/users\/2"}],"replies":[{"embeddable":true,"href":"https:\/\/www.erdvital.ch\/fr\/wp-json\/wp\/v2\/comments?post=5665"}],"version-history":[{"count":10,"href":"https:\/\/www.erdvital.ch\/fr\/wp-json\/wp\/v2\/pages\/5665\/revisions"}],"predecessor-version":[{"id":7301,"href":"https:\/\/www.erdvital.ch\/fr\/wp-json\/wp\/v2\/pages\/5665\/revisions\/7301"}],"wp:attachment":[{"href":"https:\/\/www.erdvital.ch\/fr\/wp-json\/wp\/v2\/media?parent=5665"}],"wp:term":[{"taxonomy":"folder","embeddable":true,"href":"https:\/\/www.erdvital.ch\/fr\/wp-json\/wp\/v2\/folder?post=5665"}],"curies":[{"name":"wp","href":"https:\/\/api.w.org\/{rel}","templated":true}]}}