{"id":1989,"date":"2023-01-26T10:07:16","date_gmt":"2023-01-26T09:07:16","guid":{"rendered":"https:\/\/erdvital.aretis-staging.ch\/?page_id=1989"},"modified":"2026-02-18T12:25:38","modified_gmt":"2026-02-18T11:25:38","slug":"impronta","status":"publish","type":"page","link":"https:\/\/www.erdvital.ch\/it\/impressum\/","title":{"rendered":"Impronta"},"content":{"rendered":"<div data-elementor-type=\"wp-page\" data-elementor-id=\"1989\" class=\"elementor elementor-1989\" data-elementor-post-type=\"page\">\n\t\t\t\t<div class=\"elementor-element elementor-element-3895b54 e-flex e-con-boxed e-con e-parent\" data-id=\"3895b54\" data-element_type=\"container\" data-e-type=\"container\" data-settings=\"{&quot;background_background&quot;:&quot;classic&quot;}\">\n\t\t\t\t\t<div class=\"e-con-inner\">\n\t\t<div class=\"elementor-element elementor-element-4edd4f6 e-con-full e-flex e-con e-child\" data-id=\"4edd4f6\" data-element_type=\"container\" data-e-type=\"container\" data-settings=\"{&quot;background_background&quot;:&quot;classic&quot;}\">\n\t\t\t\t<div class=\"elementor-element elementor-element-bc16419 elementor-widget elementor-widget-heading\" data-id=\"bc16419\" data-element_type=\"widget\" data-e-type=\"widget\" data-widget_type=\"heading.default\">\n\t\t\t\t\t<h2 class=\"elementor-heading-title elementor-size-default\">ErdVital Scherer<\/h2>\t\t\t\t<\/div>\n\t\t\t\t<div class=\"elementor-element elementor-element-c44ebc6 elementor-widget elementor-widget-heading\" data-id=\"c44ebc6\" data-element_type=\"widget\" data-e-type=\"widget\" data-widget_type=\"heading.default\">\n\t\t\t\t\t<h1 class=\"elementor-heading-title elementor-size-default\">Impronta<\/h1>\t\t\t\t<\/div>\n\t\t\t\t<\/div>\n\t\t\t\t\t<\/div>\n\t\t\t\t<\/div>\n\t\t<div class=\"elementor-element elementor-element-4f28d8e e-flex e-con-boxed e-con e-parent\" data-id=\"4f28d8e\" data-element_type=\"container\" data-e-type=\"container\" data-settings=\"{&quot;background_background&quot;:&quot;classic&quot;}\">\n\t\t\t\t\t<div class=\"e-con-inner\">\n\t\t<div class=\"elementor-element elementor-element-8ba5001 e-con-full e-flex e-con e-child\" data-id=\"8ba5001\" data-element_type=\"container\" data-e-type=\"container\">\n\t\t<div class=\"elementor-element elementor-element-bf38d01 e-con-full e-flex e-con e-child\" data-id=\"bf38d01\" data-element_type=\"container\" data-e-type=\"container\">\n\t\t<div class=\"elementor-element elementor-element-b6082a4 e-con-full e-flex e-con e-child\" data-id=\"b6082a4\" data-element_type=\"container\" data-e-type=\"container\">\n\t\t\t\t<div class=\"elementor-element elementor-element-f81428f elementor-widget elementor-widget-text-editor\" data-id=\"f81428f\" data-element_type=\"widget\" data-e-type=\"widget\" data-widget_type=\"text-editor.default\">\n\t\t\t\t\t\t\t\t\t<h4>Indirizzo di contatto<\/h4><p><strong>TerraVitale<br \/>Proprietario Daniela Scherer<br \/><\/strong>Lanzacker 6<br \/>6286 Altwis<br \/>Svizzera<\/p><p>Telefono: <a href=\"tel:+41419175522\">079 271 55 22<\/a><br \/>o <a href=\"tel:+41799133336\">079 913 33 36<\/a><\/p><p>E-mail: <a href=\"mailto:info@erdvital.ch\">info@erdvital.ch<\/a><\/p><h4>Persone autorizzate a rappresentare la societ\u00e0<\/h4><p>Daniela Scherer, direttore generale<\/p><h4>Iscrizione al registro delle imprese<\/h4><p>Ditta individuale senza iscrizione<br \/>ErdVital non \u00e8 soggetto a IVA<\/p><h4>Realizzazione web<\/h4><p>Consulenza, concetto tecnico, progettazione, programmazione e hosting di questo sito web:<\/p><p>aretis\u00ae web agency<br \/>Bundesplatz 10<br \/>6003 Lucerna<br \/>Telefono +41 41 227 20 40<\/p><p><a href=\"https:\/\/www.aretis.ch\/leistungen\/webdesign-luzern\/\">aretis\u00ae web agency &amp; web design<\/a><\/p><h4>Servizio fotografico<\/h4><p>Foto come parte del servizio fotografico e della realizzazione del film:<\/p><p><a href=\"https:\/\/www.grether-photography.com\" target=\"_blank\" rel=\"noopener\">Laurin Grether Photography - Fotografo per affari e ritratti<\/a><\/p>\t\t\t\t\t\t\t\t<\/div>\n\t\t\t\t<\/div>\n\t\t<div class=\"elementor-element elementor-element-21145ea e-con-full e-flex e-con e-child\" data-id=\"21145ea\" data-element_type=\"container\" data-e-type=\"container\">\n\t\t\t\t<div class=\"elementor-element elementor-element-9e53b29 elementor-widget elementor-widget-text-editor\" data-id=\"9e53b29\" data-element_type=\"widget\" data-e-type=\"widget\" data-widget_type=\"text-editor.default\">\n\t\t\t\t\t\t\t\t\t<h4>Esclusione di responsabilit\u00e0<\/h4><p>L'autore non si assume alcuna responsabilit\u00e0 per la correttezza, l'accuratezza, l'attualit\u00e0, l'affidabilit\u00e0 e la completezza delle informazioni. Sono escluse richieste di responsabilit\u00e0 nei confronti dell'autore per danni di natura materiale o immateriale derivanti dall'accesso, dall'uso o dal mancato uso delle informazioni pubblicate, dall'uso improprio della connessione o da guasti tecnici. Tutte le offerte non sono vincolanti. L'autore si riserva espressamente il diritto di modificare, integrare o cancellare parti delle pagine o l'intera offerta senza preavviso o di interrompere temporaneamente o definitivamente la pubblicazione.<\/p><h4>Responsabilit\u00e0 per i link<\/h4><p>I riferimenti e i link a siti web di terzi non rientrano nella nostra sfera di responsabilit\u00e0 e non ci assumiamo alcuna responsabilit\u00e0 per tali siti. L'accesso e l'utilizzo di tali siti web \u00e8 a rischio dell'utente.<\/p><h4>Diritti d'autore<\/h4><p>I diritti d'autore e tutti gli altri diritti su contenuti, immagini, foto o altri file presenti sul sito appartengono esclusivamente a ErdVital Scherer o ai titolari dei diritti specificamente indicati. Per la riproduzione di qualsiasi elemento \u00e8 necessario ottenere preventivamente il consenso scritto dei titolari dei diritti d'autore.<\/p><h4>Protezione dei dati<\/h4><p>ErdVital Scherer rispetta la normativa vigente in materia di protezione dei dati. Si prega di notare che la nostra <a href=\"https:\/\/www.erdvital.ch\/it\/protezione-dei-dati\/\">Linea guida per la protezione dei dati -&gt;<\/a><\/p>\t\t\t\t\t\t\t\t<\/div>\n\t\t\t\t<\/div>\n\t\t\t\t<\/div>\n\t\t\t\t<\/div>\n\t\t\t\t\t<\/div>\n\t\t\t\t<\/div>\n\t\t\t\t<\/div>","protected":false},"excerpt":{"rendered":"<p>ErdVital Scherer Impressum Kontaktadresse ErdVitalInhaberin Daniela SchererLanzacker 66286 AltwisSchweiz Telefon: 079 271 55 22oder 079 913 33 36 E-Mail: info@erdvital.ch Vertretungsberechtigte Personen Daniela Scherer, Gesch\u00e4ftsf\u00fchrerin Handelsregistereintrag Einzelfirma ohne EintragErdVital ist nicht MwSt-pflichtig Webrealisation Beratung, technisches Konzept, Design, Programmierung und Hosting dieser Website: aretis\u00ae WebagenturBundesplatz 106003 LuzernTel. +41 41 227 20 40 aretis\u00ae Webagentur &amp; Webdesign [&hellip;]<\/p>\n","protected":false},"author":1,"featured_media":0,"parent":0,"menu_order":9,"comment_status":"closed","ping_status":"closed","template":"","meta":{"_seopress_robots_primary_cat":"","_seopress_titles_title":"","_seopress_titles_desc":"","_seopress_robots_index":"","footnotes":""},"folder":[],"class_list":["post-1989","page","type-page","status-publish","hentry"],"_links":{"self":[{"href":"https:\/\/www.erdvital.ch\/it\/wp-json\/wp\/v2\/pages\/1989","targetHints":{"allow":["GET"]}}],"collection":[{"href":"https:\/\/www.erdvital.ch\/it\/wp-json\/wp\/v2\/pages"}],"about":[{"href":"https:\/\/www.erdvital.ch\/it\/wp-json\/wp\/v2\/types\/page"}],"author":[{"embeddable":true,"href":"https:\/\/www.erdvital.ch\/it\/wp-json\/wp\/v2\/users\/1"}],"replies":[{"embeddable":true,"href":"https:\/\/www.erdvital.ch\/it\/wp-json\/wp\/v2\/comments?post=1989"}],"version-history":[{"count":10,"href":"https:\/\/www.erdvital.ch\/it\/wp-json\/wp\/v2\/pages\/1989\/revisions"}],"predecessor-version":[{"id":7102,"href":"https:\/\/www.erdvital.ch\/it\/wp-json\/wp\/v2\/pages\/1989\/revisions\/7102"}],"wp:attachment":[{"href":"https:\/\/www.erdvital.ch\/it\/wp-json\/wp\/v2\/media?parent=1989"}],"wp:term":[{"taxonomy":"folder","embeddable":true,"href":"https:\/\/www.erdvital.ch\/it\/wp-json\/wp\/v2\/folder?post=1989"}],"curies":[{"name":"wp","href":"https:\/\/api.w.org\/{rel}","templated":true}]}}