{"id":7374,"date":"2026-02-28T22:59:46","date_gmt":"2026-02-28T21:59:46","guid":{"rendered":"https:\/\/www.erdvital.ch\/?page_id=7374"},"modified":"2026-03-12T11:41:38","modified_gmt":"2026-03-12T10:41:38","slug":"condizioni-di-ritorno","status":"publish","type":"page","link":"https:\/\/www.erdvital.ch\/it\/rueckgabebedingungen\/","title":{"rendered":"Condizioni di restituzione"},"content":{"rendered":"<div data-elementor-type=\"wp-page\" data-elementor-id=\"7374\" class=\"elementor elementor-7374\" data-elementor-post-type=\"page\">\n\t\t\t\t<div class=\"elementor-element elementor-element-191f7b4 e-flex e-con-boxed e-con e-parent\" data-id=\"191f7b4\" data-element_type=\"container\" data-e-type=\"container\" data-settings=\"{&quot;background_background&quot;:&quot;classic&quot;}\">\n\t\t\t\t\t<div class=\"e-con-inner\">\n\t\t<div class=\"elementor-element elementor-element-1efa831 e-con-full e-flex e-con e-child\" data-id=\"1efa831\" data-element_type=\"container\" data-e-type=\"container\">\n\t\t<div class=\"elementor-element elementor-element-5e5880a e-con-full e-flex e-con e-child\" data-id=\"5e5880a\" data-element_type=\"container\" data-e-type=\"container\">\n\t\t<div class=\"elementor-element elementor-element-90f8975 e-con-full e-flex e-con e-child\" data-id=\"90f8975\" data-element_type=\"container\" data-e-type=\"container\">\n\t\t\t\t<div class=\"elementor-element elementor-element-d43534b elementor-widget elementor-widget-heading\" data-id=\"d43534b\" data-element_type=\"widget\" data-e-type=\"widget\" data-widget_type=\"heading.default\">\n\t\t\t\t\t<p class=\"elementor-heading-title elementor-size-default\">La messa a terra riduce l'elettrosmog<\/p>\t\t\t\t<\/div>\n\t\t\t\t<div class=\"elementor-element elementor-element-9f92113 elementor-widget elementor-widget-heading\" data-id=\"9f92113\" data-element_type=\"widget\" data-e-type=\"widget\" data-widget_type=\"heading.default\">\n\t\t\t\t\t<h2 class=\"elementor-heading-title elementor-size-default\">Condizioni di ritorno da ErdVital<\/h2>\t\t\t\t<\/div>\n\t\t\t\t<\/div>\n\t\t<div class=\"elementor-element elementor-element-58c206e e-con-full e-flex e-con e-child\" data-id=\"58c206e\" data-element_type=\"container\" data-e-type=\"container\">\n\t\t\t\t<div class=\"elementor-element elementor-element-8fe3147 elementor-widget elementor-widget-text-editor\" data-id=\"8fe3147\" data-element_type=\"widget\" data-e-type=\"widget\" data-widget_type=\"text-editor.default\">\n\t\t\t\t\t\t\t\t\t<ul><li>I prodotti possono essere restituiti entro 14 giorni dal ricevimento, a condizione che siano inutilizzati.<\/li><li>I resi saranno accettati solo se il prodotto \u00e8 in perfette condizioni igieniche.<\/li><li>Per motivi igienici, i prodotti di messa a terra gi\u00e0 utilizzati non possono essere ripresi.<\/li><li>Il prodotto deve essere restituito completo, non danneggiato e nella sua confezione originale.<\/li><li>Prima di restituire la merce, contattateci via e-mail all'indirizzo <a class=\"decorated-link cursor-pointer\" rel=\"noopener\" data-start=\"767\" data-end=\"783\">info@erdvital.ch<\/a>. Le spese di restituzione sono a carico del cliente, tranne in caso di difetti di materiale o di fabbricazione accertati.<\/li><\/ul>\t\t\t\t\t\t\t\t<\/div>\n\t\t\t\t<\/div>\n\t\t\t\t<\/div>\n\t\t\t\t<\/div>\n\t\t\t\t\t<\/div>\n\t\t\t\t<\/div>\n\t\t\t\t<\/div>","protected":false},"excerpt":{"rendered":"<p>Erdung reduziert Elektrosmog R\u00fcckgabebedingungen von ErdVital Produkte k\u00f6nnen innerhalb von 14 Tagen nach Erhalt retourniert werden, sofern sie unbenutzt sind. Retouren werden nur akzeptiert, wenn sich das Produkt in einwandfreiem und hygienisch einwandfreiem Zustand befindet. Aus hygienischen Gr\u00fcnden k\u00f6nnen bereits benutzte Erdungsprodukte nicht zur\u00fcckgenommen werden. Das Produkt muss vollst\u00e4ndig, unbesch\u00e4digt und in der Originalverpackung zur\u00fcckgesendet [&hellip;]<\/p>\n","protected":false},"author":3,"featured_media":0,"parent":0,"menu_order":0,"comment_status":"closed","ping_status":"closed","template":"","meta":{"_seopress_robots_primary_cat":"","_seopress_titles_title":"","_seopress_titles_desc":"","_seopress_robots_index":"","footnotes":""},"folder":[],"class_list":["post-7374","page","type-page","status-publish","hentry"],"_links":{"self":[{"href":"https:\/\/www.erdvital.ch\/it\/wp-json\/wp\/v2\/pages\/7374","targetHints":{"allow":["GET"]}}],"collection":[{"href":"https:\/\/www.erdvital.ch\/it\/wp-json\/wp\/v2\/pages"}],"about":[{"href":"https:\/\/www.erdvital.ch\/it\/wp-json\/wp\/v2\/types\/page"}],"author":[{"embeddable":true,"href":"https:\/\/www.erdvital.ch\/it\/wp-json\/wp\/v2\/users\/3"}],"replies":[{"embeddable":true,"href":"https:\/\/www.erdvital.ch\/it\/wp-json\/wp\/v2\/comments?post=7374"}],"version-history":[{"count":10,"href":"https:\/\/www.erdvital.ch\/it\/wp-json\/wp\/v2\/pages\/7374\/revisions"}],"predecessor-version":[{"id":7469,"href":"https:\/\/www.erdvital.ch\/it\/wp-json\/wp\/v2\/pages\/7374\/revisions\/7469"}],"wp:attachment":[{"href":"https:\/\/www.erdvital.ch\/it\/wp-json\/wp\/v2\/media?parent=7374"}],"wp:term":[{"taxonomy":"folder","embeddable":true,"href":"https:\/\/www.erdvital.ch\/it\/wp-json\/wp\/v2\/folder?post=7374"}],"curies":[{"name":"wp","href":"https:\/\/api.w.org\/{rel}","templated":true}]}}